{"id":75713,"date":"2021-11-08T08:18:22","date_gmt":"2021-11-08T08:18:22","guid":{"rendered":"https:\/\/servitec.dz\/khoud-hajtek\/"},"modified":"2021-11-08T22:28:29","modified_gmt":"2021-11-08T22:28:29","slug":"khoud-hajtek","status":"publish","type":"page","link":"https:\/\/servitec.dz\/fr\/nos-services\/khoud-hajtek\/","title":{"rendered":"Khoud Hajtek"},"content":{"rendered":"<p>[vc_row][vc_column width=\u00a0\u00bb1\/2&Prime;][vc_custom_heading text=\u00a0\u00bbKHOUD HAJTEK SERVICE &amp; APP\u00a0\u00bb font_container=\u00a0\u00bbtag:h2|text_align:left|color:%23c90c0f\u00a0\u00bb use_theme_fonts=\u00a0\u00bbyes\u00a0\u00bb el_class=\u00a0\u00bbstyle3&Prime; css=\u00a0\u00bb.vc_custom_1632000936870{margin-bottom: 30px !important;}\u00a0\u00bb][vc_column_text css=\u00a0\u00bb.vc_custom_1635101911840{padding-left: 50px !important;}\u00a0\u00bb]KHOUD HAJTEK est une solution adapt\u00e9e \u00e0 vos besoins ! Un lieu qui rapproche le fournisseur de ses clients en assurant la qualit\u00e9 et la fiabilit\u00e9 du service.<\/p>\n<ul>\n<li>Commerces offrant un accueil agr\u00e9able et professionnel.<\/li>\n<li>Emplacements strat\u00e9giques dans chaque grande province.<\/li>\n<li>Points de ramassage et d\u2019exp\u00e9dition fiables et rapides pour tous les types de colis, de courrier et de marchandises.<\/li>\n<\/ul>\n<p>[\/vc_column_text][vc_text_separator title=\u00a0\u00bb\u00a0\u00bb style=\u00a0\u00bbshadow\u00a0\u00bb border_width=\u00a0\u00bb3&Prime;][\/vc_column][vc_column width=\u00a0\u00bb1\/2&Prime;][vc_single_image image=\u00a0\u00bb75697&Prime; img_size=\u00a0\u00bbmedium\u00a0\u00bb alignment=\u00a0\u00bbcenter\u00a0\u00bb style=\u00a0\u00bbvc_box_shadow_3d\u00a0\u00bb][\/vc_column][\/vc_row][vc_row][vc_column width=\u00a0\u00bb1\/4&Prime; css=\u00a0\u00bb.vc_custom_1632326044705{border: 2px solid #f2f2f2 !important;}\u00a0\u00bb][vc_custom_heading text=\u00a0\u00bbPRESTATIONS DE SERVICE\u00a0\u00bb font_container=\u00a0\u00bbtag:h2|text_align:center|color:%23ffffff\u00a0\u00bb use_theme_fonts=\u00a0\u00bbyes\u00a0\u00bb css=\u00a0\u00bb.vc_custom_1632325899685{background-color: #c92e2e !important;}\u00a0\u00bb][vc_row_inner css=\u00a0\u00bb.vc_custom_1632326138610{margin-top: 20px !important;}\u00a0\u00bb][vc_column_inner width=\u00a0\u00bb1\/4&Prime; offset=\u00a0\u00bbvc_col-xs-3&Prime;][vc_icon icon_fontawesome=\u00a0\u00bbfas fa-warehouse\u00a0\u00bb color=\u00a0\u00bbjuicy_pink\u00a0\u00bb background_style=\u00a0\u00bbboxed-outline\u00a0\u00bb size=\u00a0\u00bbsm\u00a0\u00bb][vc_icon icon_fontawesome=\u00a0\u00bbfas fa-archive\u00a0\u00bb color=\u00a0\u00bbjuicy_pink\u00a0\u00bb background_style=\u00a0\u00bbboxed-outline\u00a0\u00bb size=\u00a0\u00bbsm\u00a0\u00bb][vc_icon icon_fontawesome=\u00a0\u00bbfas fa-mail-bulk\u00a0\u00bb color=\u00a0\u00bbjuicy_pink\u00a0\u00bb background_style=\u00a0\u00bbboxed-outline\u00a0\u00bb size=\u00a0\u00bbsm\u00a0\u00bb][vc_icon icon_fontawesome=\u00a0\u00bbfas fa-hand-holding-usd\u00a0\u00bb color=\u00a0\u00bbjuicy_pink\u00a0\u00bb background_style=\u00a0\u00bbboxed-outline\u00a0\u00bb size=\u00a0\u00bbsm\u00a0\u00bb][vc_icon icon_fontawesome=\u00a0\u00bbfas fa-sim-card\u00a0\u00bb color=\u00a0\u00bbjuicy_pink\u00a0\u00bb background_style=\u00a0\u00bbboxed-outline\u00a0\u00bb size=\u00a0\u00bbsm\u00a0\u00bb][\/vc_column_inner][vc_column_inner width=\u00a0\u00bb3\/4&Prime;][vc_custom_heading text=\u00a0\u00bbLogistique et gestion des stocks\u00a0\u00bb font_container=\u00a0\u00bbtag:h3|font_size:14|text_align:left|color:%23000000&Prime; use_theme_fonts=\u00a0\u00bbyes\u00a0\u00bb link=\u00a0\u00bburl:https%3A%2F%2Fservitec.dz%2Ffr%2Fnos-services%2Flogistique-transport-et-gestion-des-stocks%2F|title:Logistique%20et%20gestion%20des%20stocks|target:_blank\u00a0\u00bb][vc_custom_heading text=\u00a0\u00bbArchivage \u00e9lectronique et physique\u00a0\u00bb font_container=\u00a0\u00bbtag:h3|font_size:14|text_align:left|color:%23000000&Prime; use_theme_fonts=\u00a0\u00bbyes\u00a0\u00bb link=\u00a0\u00bburl:https%3A%2F%2Fservitec.dz%2Ffr%2Fnos-services%2Farchivage-electronique-et-physique%2F|title:Archivage%20%C3%A9lectronique%20et%20physique|target:_blank\u00a0\u00bb css=\u00a0\u00bb.vc_custom_1636410278058{margin-top: 40px !important;}\u00a0\u00bb][vc_custom_heading text=\u00a0\u00bbGestion du courrier imprim\u00e9\u00a0\u00bb font_container=\u00a0\u00bbtag:h3|font_size:14|text_align:left|color:%23000000&Prime; use_theme_fonts=\u00a0\u00bbyes\u00a0\u00bb link=\u00a0\u00bburl:https%3A%2F%2Fservitec.dz%2Ffr%2Fnos-services%2Fgestion-du-courrier-imprime%2F|title:Gestion%20du%20courrier%20imprim%C3%A9|target:_blank\u00a0\u00bb css=\u00a0\u00bb.vc_custom_1636410298621{margin-top: 50px !important;}\u00a0\u00bb][vc_custom_heading text=\u00a0\u00bbRecouvrement de cr\u00e9ances\u00a0\u00bb font_container=\u00a0\u00bbtag:h3|font_size:14|text_align:left|color:%23000000&Prime; use_theme_fonts=\u00a0\u00bbyes\u00a0\u00bb link=\u00a0\u00bburl:https%3A%2F%2Fservitec.dz%2Ffr%2Fnos-services%2Frecouvrement-de-creances%2F|title:RECOUVREMENT%20DES%20CR%C3%89ANCES|target:_blank\u00a0\u00bb css=\u00a0\u00bb.vc_custom_1636410318456{margin-top: 60px !important;}\u00a0\u00bb][vc_custom_heading text=\u00a0\u00bbEmballage de cartes SIM\u00a0\u00bb font_container=\u00a0\u00bbtag:h3|font_size:14|text_align:left|color:%23000000&Prime; use_theme_fonts=\u00a0\u00bbyes\u00a0\u00bb link=\u00a0\u00bburl:https%3A%2F%2Fservitec.dz%2Ffr%2Fnos-services%2Femballage-de-carte-sim%2F|title:PACKAGING%20CARTE%20SIM|target:_blank\u00a0\u00bb css=\u00a0\u00bb.vc_custom_1636410337947{margin-top: 60px !important;}\u00a0\u00bb][\/vc_column_inner][\/vc_row_inner][\/vc_column][vc_column width=\u00a0\u00bb3\/4&Prime;][vc_separator][vc_row_inner][vc_column_inner width=\u00a0\u00bb1\/2&Prime;][vc_custom_heading text=\u00a0\u00bbAVANTAGE DE KHOUD HAJTEK\u00a0\u00bb font_container=\u00a0\u00bbtag:h2|text_align:left|color:%23c90c0f\u00a0\u00bb use_theme_fonts=\u00a0\u00bbyes\u00a0\u00bb el_class=\u00a0\u00bbstyle3&Prime; css=\u00a0\u00bb.vc_custom_1632001510390{margin-bottom: 30px !important;}\u00a0\u00bb][vc_column_text el_class=\u00a0\u00bbgray\u00a0\u00bb]Certaines de nos fonctionnalit\u00e9s de stockage local \u00e0 la demande :<\/p>\n<ul>\n<li>Une capacit\u00e9 de stockage permettant un grand nombre d&rsquo;op\u00e9rations.<\/li>\n<li>Une application qui g\u00e8re toute l&rsquo;activit\u00e9\/Tracking<\/li>\n<li>Assistance du centre d\u2019appels<\/li>\n<li>livraison 24\/7 partout en Alg\u00e9rie<\/li>\n<li>Pr\u00e9paration des commandes<\/li>\n<li>Exp\u00e9dition de marchandises<\/li>\n<\/ul>\n<p>[\/vc_column_text][\/vc_column_inner][vc_column_inner width=\u00a0\u00bb1\/2&Prime; css=\u00a0\u00bb.vc_custom_1632951230600{margin-top: -20px !important;}\u00a0\u00bb][vc_video link=\u00a0\u00bbhttps:\/\/youtu.be\/odYhDXQ4SBY\u00a0\u00bb el_aspect=\u00a0\u00bb43&Prime;][\/vc_column_inner][\/vc_row_inner][vc_row_inner equal_height=\u00a0\u00bbyes\u00a0\u00bb el_class=\u00a0\u00bbs1&Prime;][vc_column_inner width=\u00a0\u00bb1\/2&Prime; css=\u00a0\u00bb.vc_custom_1632846985269{padding-bottom: 0px !important;}\u00a0\u00bb][vc_custom_heading text=\u00a0\u00bbBROCHURE DE SERVICE\u00a0\u00bb font_container=\u00a0\u00bbtag:h2|text_align:left|color:%23c90c0f\u00a0\u00bb use_theme_fonts=\u00a0\u00bbyes\u00a0\u00bb el_class=\u00a0\u00bbstyle3&Prime; css=\u00a0\u00bb.vc_custom_1632839551663{margin-bottom: 30px !important;}\u00a0\u00bb][vc_column_text css=\u00a0\u00bb.vc_custom_1632839589891{margin-top: 10px !important;padding-top: 10px !important;}\u00a0\u00bb]T\u00e9l\u00e9chargez la brochure de service Khoud Hajtek pour en savoir plus sur nous.[\/vc_column_text][\/vc_column_inner][vc_column_inner width=\u00a0\u00bb1\/2&Prime;][vc_separator][vc_btn title=\u00a0\u00bbT\u00e9l\u00e9charger le PDF\u00a0\u00bb color=\u00a0\u00bbjuicy-pink\u00a0\u00bb align=\u00a0\u00bbcenter\u00a0\u00bb i_icon_fontawesome=\u00a0\u00bbfas fa-download\u00a0\u00bb add_icon=\u00a0\u00bbtrue\u00a0\u00bb link=\u00a0\u00bburl:https%3A%2F%2Fservitec.dz%2Fwp-content%2Fuploads%2F2021%2F09%2FOffre-Khoud-Hajtek.-1.pdf|target:_blank|\u00a0\u00bb][\/vc_column_inner][\/vc_row_inner][vc_row_inner][vc_column_inner][vc_separator][\/vc_column_inner][vc_column_inner][vc_custom_heading text=\u00a0\u00bbRENCONTRE AVEC KHOUD HAJTEK\u00a0\u00bb font_container=\u00a0\u00bbtag:h2|text_align:left|color:%23c90c0f\u00a0\u00bb use_theme_fonts=\u00a0\u00bbyes\u00a0\u00bb el_class=\u00a0\u00bbstyle3&Prime; css=\u00a0\u00bb.vc_custom_1632851266616{margin-bottom: 50px !important;}\u00a0\u00bb][\/vc_column_inner][\/vc_row_inner][vc_raw_html]PGRpdiBjbGFzcz0ib2ZmaWNlIj4KPHA+PGkgY2xhc3M9ImZhcyBmYS1tYXAtbWFya2VyLWFsdCI+PC9pPiAwMywgQWluIFNvbHRhbmUgZXggU2FpbnQgQ2hhcmxlcyBLb3ViYSwgQWxnZXIsIEFsZ8OpcmllCjwvcD4KPHA+PGkgY2xhc3M9ImZhIGZhLXBob25lIj48L2k+ICAwOTgyIDQyMCA0MjAgLzA5ODIgNDQ0IDU1NSAgPC9wPgo8cD48aSBjbGFzcz0iZmEgZmEtZW52ZWxvcGUiPjwvaT4ga2hvdWQuaGFqdGVrQG1vYmlzZXJ2ZWhvbGRpbmcuY29tIDwvcD4KPHA+PGkgY2xhc3M9ImZhIGZhLWNsb2NrLW8iPjwvaT4gTHVuIC0gU2FtIDogOWgwMCAtIDE3aDAwPC9wPgo8L2Rpdj4=[\/vc_raw_html][vc_row_inner][vc_column_inner width=\u00a0\u00bb1\/2&Prime; offset=\u00a0\u00bbvc_col-xs-6&Prime;][vc_icon icon_fontawesome=\u00a0\u00bbfab fa-facebook-f\u00a0\u00bb background_style=\u00a0\u00bbrounded-outline\u00a0\u00bb background_color=\u00a0\u00bbjuicy_pink\u00a0\u00bb size=\u00a0\u00bbsm\u00a0\u00bb align=\u00a0\u00bbcenter\u00a0\u00bb css_animation=\u00a0\u00bbbounceInUp\u00a0\u00bb link=\u00a0\u00bburl:https%3A%2F%2Fwww.facebook.com%2FKhoud-hajtek-105318928564758%3F_rdc%3D1%26_rdr|target:_blank\u00a0\u00bb][\/vc_column_inner][vc_column_inner width=\u00a0\u00bb1\/6&Prime;][vc_icon icon_fontawesome=\u00a0\u00bbfab fa-instagram\u00a0\u00bb color=\u00a0\u00bbpurple\u00a0\u00bb background_style=\u00a0\u00bbrounded-outline\u00a0\u00bb background_color=\u00a0\u00bbjuicy_pink\u00a0\u00bb size=\u00a0\u00bbsm\u00a0\u00bb align=\u00a0\u00bbcenter\u00a0\u00bb css_animation=\u00a0\u00bbbounceInUp\u00a0\u00bb link=\u00a0\u00bburl:https%3A%2F%2Fwww.instagram.com%2Fkhoud.hajtek%2F%3Fhl%3Dfr|target:_blank\u00a0\u00bb css=\u00a0\u00bb.vc_custom_1635102172178{margin-left: -30px !important;}\u00a0\u00bb][\/vc_column_inner][vc_column_inner width=\u00a0\u00bb1\/6&Prime;][\/vc_column_inner][vc_column_inner width=\u00a0\u00bb1\/6&Prime;][\/vc_column_inner][vc_column_inner width=\u00a0\u00bb1\/6&Prime;][\/vc_column_inner][vc_column_inner width=\u00a0\u00bb1\/6&Prime;][\/vc_column_inner][\/vc_row_inner][\/vc_column][\/vc_row][vc_row full_width=\u00a0\u00bbstretch_row\u00a0\u00bb content_placement=\u00a0\u00bbmiddle\u00a0\u00bb parallax=\u00a0\u00bbcontent-moving-fade\u00a0\u00bb parallax_image=\u00a0\u00bb12&Prime; css=\u00a0\u00bb.vc_custom_1625515253582{margin-bottom: 0px !important;border-top-width: 1px !important;padding-top: 50px !important;padding-bottom: 50px !important;background-color: #eeeeee !important;}\u00a0\u00bb el_class=\u00a0\u00bbalign-right\u00a0\u00bb][vc_column css=\u00a0\u00bb.vc_custom_1632001735867{padding-top: 0px !important;padding-bottom: 0px !important;}\u00a0\u00bb][vc_cta h2=\u00a0\u00bbVous ne savez pas quelle solution correspond aux besoins de votre entreprise ?\u00a0\u00bb txt_align=\u00a0\u00bbcenter\u00a0\u00bb shape=\u00a0\u00bbround\u00a0\u00bb style=\u00a0\u00bb3d\u00a0\u00bb color=\u00a0\u00bbjuicy-pink\u00a0\u00bb add_button=\u00a0\u00bbbottom\u00a0\u00bb btn_title=\u00a0\u00bbNOUS CONTACTER\u00a0\u00bb btn_style=\u00a0\u00bb3d\u00a0\u00bb btn_shape=\u00a0\u00bbround\u00a0\u00bb btn_color=\u00a0\u00bbgreen\u00a0\u00bb btn_align=\u00a0\u00bbcenter\u00a0\u00bb btn_i_icon_fontawesome=\u00a0\u00bbfab fa-whatsapp\u00a0\u00bb css_animation=\u00a0\u00bbbounceInDown\u00a0\u00bb btn_add_icon=\u00a0\u00bbtrue\u00a0\u00bb btn_link=\u00a0\u00bburl:https%3A%2F%2Fwa.me%2F213550105915|title:Contacter|target:_blank\u00a0\u00bb css=\u00a0\u00bb.vc_custom_1636410492294{padding-top: 10px !important;padding-bottom: 10px !important;border-radius: 2px !important;}\u00a0\u00bb]Contactez-nous avec What&rsquo;s App[\/vc_cta][\/vc_column][\/vc_row]<\/p>\n","protected":false},"excerpt":{"rendered":"<p>[vc_row][vc_column width=\u00a0\u00bb1\/2&Prime;][vc_custom_heading text=\u00a0\u00bbKHOUD HAJTEK SERVICE &amp; APP\u00a0\u00bb font_container=\u00a0\u00bbtag:h2|text_align:left|color:%23c90c0f\u00a0\u00bb use_theme_fonts=\u00a0\u00bbyes\u00a0\u00bb el_class=\u00a0\u00bbstyle3&Prime; css=\u00a0\u00bb.vc_custom_1632000936870{margin-bottom: 30px !important;}\u00a0\u00bb][vc_column_text css=\u00a0\u00bb.vc_custom_1635101911840{padding-left: 50px !important;}\u00a0\u00bb]KHOUD HAJTEK est une solution [&hellip;]<\/p>\n","protected":false},"author":1,"featured_media":75697,"parent":75715,"menu_order":0,"comment_status":"closed","ping_status":"closed","template":"","meta":{"footnotes":""},"class_list":["post-75713","page","type-page","status-publish","has-post-thumbnail","hentry"],"_links":{"self":[{"href":"https:\/\/servitec.dz\/fr\/wp-json\/wp\/v2\/pages\/75713","targetHints":{"allow":["GET"]}}],"collection":[{"href":"https:\/\/servitec.dz\/fr\/wp-json\/wp\/v2\/pages"}],"about":[{"href":"https:\/\/servitec.dz\/fr\/wp-json\/wp\/v2\/types\/page"}],"author":[{"embeddable":true,"href":"https:\/\/servitec.dz\/fr\/wp-json\/wp\/v2\/users\/1"}],"replies":[{"embeddable":true,"href":"https:\/\/servitec.dz\/fr\/wp-json\/wp\/v2\/comments?post=75713"}],"version-history":[{"count":5,"href":"https:\/\/servitec.dz\/fr\/wp-json\/wp\/v2\/pages\/75713\/revisions"}],"predecessor-version":[{"id":75856,"href":"https:\/\/servitec.dz\/fr\/wp-json\/wp\/v2\/pages\/75713\/revisions\/75856"}],"up":[{"embeddable":true,"href":"https:\/\/servitec.dz\/fr\/wp-json\/wp\/v2\/pages\/75715"}],"wp:featuredmedia":[{"embeddable":true,"href":"https:\/\/servitec.dz\/fr\/wp-json\/wp\/v2\/media\/75697"}],"wp:attachment":[{"href":"https:\/\/servitec.dz\/fr\/wp-json\/wp\/v2\/media?parent=75713"}],"curies":[{"name":"wp","href":"https:\/\/api.w.org\/{rel}","templated":true}]}}