{"id":75714,"date":"2021-11-08T08:18:22","date_gmt":"2021-11-08T08:18:22","guid":{"rendered":"https:\/\/servitec.dz\/recouvrement-de-creances\/"},"modified":"2021-12-12T21:10:45","modified_gmt":"2021-12-12T21:10:45","slug":"recouvrement-de-creances","status":"publish","type":"page","link":"https:\/\/servitec.dz\/fr\/nos-services\/recouvrement-de-creances\/","title":{"rendered":"Recouvrement de cr\u00e9ances"},"content":{"rendered":"<p>[vc_row][vc_column width=\u00a0\u00bb1\/4&Prime; css=\u00a0\u00bb.vc_custom_1632331216198{padding: 15px !important;border: 2px solid #d6d6d6 !important;}\u00a0\u00bb][vc_custom_heading text=\u00a0\u00bbPRESTATIONS DE SERVICE\u00a0\u00bb font_container=\u00a0\u00bbtag:h2|text_align:center|color:%23ffffff\u00a0\u00bb use_theme_fonts=\u00a0\u00bbyes\u00a0\u00bb css=\u00a0\u00bb.vc_custom_1632325899685{background-color: #c92e2e !important;}\u00a0\u00bb][vc_row_inner css=\u00a0\u00bb.vc_custom_1632326138610{margin-top: 20px !important;}\u00a0\u00bb][vc_column_inner width=\u00a0\u00bb1\/4&Prime; offset=\u00a0\u00bbvc_col-xs-3&Prime;][vc_icon icon_fontawesome=\u00a0\u00bbfas fa-shopping-bag\u00a0\u00bb color=\u00a0\u00bbjuicy_pink\u00a0\u00bb background_style=\u00a0\u00bbboxed-outline\u00a0\u00bb size=\u00a0\u00bbsm\u00a0\u00bb][vc_icon icon_fontawesome=\u00a0\u00bbfas fa-warehouse\u00a0\u00bb color=\u00a0\u00bbjuicy_pink\u00a0\u00bb background_style=\u00a0\u00bbboxed-outline\u00a0\u00bb size=\u00a0\u00bbsm\u00a0\u00bb][vc_icon icon_fontawesome=\u00a0\u00bbfas fa-archive\u00a0\u00bb color=\u00a0\u00bbjuicy_pink\u00a0\u00bb background_style=\u00a0\u00bbboxed-outline\u00a0\u00bb size=\u00a0\u00bbsm\u00a0\u00bb][vc_icon icon_fontawesome=\u00a0\u00bbfas fa-mail-bulk\u00a0\u00bb color=\u00a0\u00bbjuicy_pink\u00a0\u00bb background_style=\u00a0\u00bbboxed-outline\u00a0\u00bb size=\u00a0\u00bbsm\u00a0\u00bb][vc_icon icon_fontawesome=\u00a0\u00bbfas fa-sim-card\u00a0\u00bb color=\u00a0\u00bbjuicy_pink\u00a0\u00bb background_style=\u00a0\u00bbboxed-outline\u00a0\u00bb size=\u00a0\u00bbsm\u00a0\u00bb][\/vc_column_inner][vc_column_inner width=\u00a0\u00bb3\/4&Prime;][vc_custom_heading text=\u00a0\u00bbKhoud Hajtek\u00a0\u00bb font_container=\u00a0\u00bbtag:h3|font_size:14|text_align:left|color:%23000000&Prime; use_theme_fonts=\u00a0\u00bbyes\u00a0\u00bb link=\u00a0\u00bburl:https%3A%2F%2Fservitec.dz%2Four-services%2Flocal-on-demand-storage%2F|title:STOCKAGE%20LOCAL%20%C3%80%20LA%20DEMANDE|target:_blank|\u00a0\u00bb css=\u00a0\u00bb.vc_custom_1632330993476{margin-top: 15px !important;}\u00a0\u00bb][vc_custom_heading text=\u00a0\u00bbLogistique et transport\u00a0\u00bb font_container=\u00a0\u00bbtag:h3|font_size:14|text_align:left|color:%23000000&Prime; use_theme_fonts=\u00a0\u00bbyes\u00a0\u00bb link=\u00a0\u00bburl:https%3A%2F%2Fservitec.dz%2Ffr%2Fnos-services%2Flogistique-transport-et-gestion-des-stocks%2F|title:Logistique%20et%20gestion%20des%20stocks%20|target:_blank|\u00a0\u00bb css=\u00a0\u00bb.vc_custom_1632841383114{margin-top: 60px !important;}\u00a0\u00bb][vc_custom_heading text=\u00a0\u00bbArchivage \u00e9lectronique et physique\u00a0\u00bb font_container=\u00a0\u00bbtag:h3|font_size:14|text_align:left|color:%23000000&Prime; use_theme_fonts=\u00a0\u00bbyes\u00a0\u00bb link=\u00a0\u00bburl:https%3A%2F%2Fservitec.dz%2Ffr%2Fnos-services%2Farchivage-electronique-et-physique%2F|target:_blank|\u00a0\u00bb css=\u00a0\u00bb.vc_custom_1632841404445{margin-top: 50px !important;}\u00a0\u00bb][vc_custom_heading text=\u00a0\u00bbGestion du courrier imprim\u00e9\u00a0\u00bb font_container=\u00a0\u00bbtag:h3|font_size:14|text_align:left|color:%23000000&Prime; use_theme_fonts=\u00a0\u00bbyes\u00a0\u00bb link=\u00a0\u00bburl:https%3A%2F%2Fservitec.dz%2Ffr%2Fnos-services%2Fgestion-du-courrier-imprime%2F|title:Gestion%20du%20courrier%20imprim%C3%A9|target:_blank|\u00a0\u00bb css=\u00a0\u00bb.vc_custom_1632326228843{margin-top: 50px !important;}\u00a0\u00bb][vc_custom_heading text=\u00a0\u00bbEmballage de cartes SIM\u00a0\u00bb font_container=\u00a0\u00bbtag:h3|font_size:14|text_align:left|color:%23000000&Prime; use_theme_fonts=\u00a0\u00bbyes\u00a0\u00bb link=\u00a0\u00bburl:https%3A%2F%2Fservitec.dz%2Ffr%2Fnos-services%2Femballage-de-carte-sim%2F|title:PACKAGING%20CARTE%20SIM|target:_blank|\u00a0\u00bb css=\u00a0\u00bb.vc_custom_1632325710658{margin-top: 60px !important;}\u00a0\u00bb][\/vc_column_inner][\/vc_row_inner][\/vc_column][vc_column width=\u00a0\u00bb3\/4&Prime;][vc_row_inner][vc_column_inner width=\u00a0\u00bb1\/2&Prime;][vc_custom_heading text=\u00a0\u00bbRECOUVREMENT DE DETTES\u00a0\u00bb font_container=\u00a0\u00bbtag:h2|text_align:left|color:%23c90c0f\u00a0\u00bb use_theme_fonts=\u00a0\u00bbyes\u00a0\u00bb el_class=\u00a0\u00bbstyle3&Prime; css=\u00a0\u00bb.vc_custom_1632841052275{margin-bottom: 30px !important;}\u00a0\u00bb][vc_column_text el_class=\u00a0\u00bbgray\u00a0\u00bb]Volume important de factures impay\u00e9es ou en retard ?<\/p>\n<p>Des difficult\u00e9s \u00e0 recouvrer vos cr\u00e9ances ?<\/p>\n<p>Servitec vous offre la possibilit\u00e9 de prendre des mesures imm\u00e9diates pour r\u00e9gler vos impay\u00e9s, gr\u00e2ce \u00e0 nos experts professionnels, ainsi qu&rsquo;\u00e0 notre d\u00e9marche rigoureuse bas\u00e9e sur des processus bien d\u00e9finis.[\/vc_column_text][\/vc_column_inner][vc_column_inner width=\u00a0\u00bb1\/2&Prime;][vc_video link=\u00a0\u00bbhttps:\/\/www.youtube.com\/watch?v=df7PcJ8cnKQ\u00a0\u00bb css=\u00a0\u00bb.vc_custom_1626444810004{margin-top: 0px !important;}\u00a0\u00bb][\/vc_column_inner][\/vc_row_inner][vc_row_inner][vc_column_inner width=\u00a0\u00bb1\/2&Prime;][vc_custom_heading text=\u00a0\u00bbNOS FORCES\u00a0\u00bb font_container=\u00a0\u00bbtag:h2|text_align:left|color:%23dd3333&Prime; use_theme_fonts=\u00a0\u00bbyes\u00a0\u00bb el_class=\u00a0\u00bbstyle3&Prime; css=\u00a0\u00bb.vc_custom_1631894470463{margin-bottom: 30px !important;}\u00a0\u00bb][vc_column_text el_class=\u00a0\u00bbgray\u00a0\u00bb]La tarification est l&rsquo;un de nos points forts. Elle est bas\u00e9e sur des honoraires de r\u00e9ussite pay\u00e9s en pourcentage des cr\u00e9ances recouvr\u00e9es, selon un processus qui garantit la satisfaction de nos clients :<\/p>\n<ul>\n<li> la rentabilit\u00e9, pourcentage variable<\/li>\n<li> un temps de recouvrement plus court pour atteindre un DSO plus faible<\/li>\n<li> Une meilleure qualit\u00e9 du reporting, du contr\u00f4le et de l&rsquo;\u00e9valuation des risques .<\/li>\n<li> Supporter par une plateforme interne et flexible de derni\u00e8re technologie.<\/li>\n<li> Une exp\u00e9rience vaste et riche dans diff\u00e9rents types de recouvrement : Individuel ou commercial, Amiable ou Judiciaire.<\/li>\n<\/ul>\n<p>[\/vc_column_text][\/vc_column_inner][vc_column_inner width=\u00a0\u00bb1\/2&Prime;][vc_single_image image=\u00a0\u00bb75671&Prime; img_size=\u00a0\u00bb400&#215;300&Prime; alignment=\u00a0\u00bbright\u00a0\u00bb style=\u00a0\u00bbvc_box_shadow_3d\u00a0\u00bb css=\u00a0\u00bb.vc_custom_1631894578352{margin-top: 60px !important;}\u00a0\u00bb][\/vc_column_inner][\/vc_row_inner][\/vc_column][\/vc_row][vc_row full_width=\u00a0\u00bbstretch_row\u00a0\u00bb content_placement=\u00a0\u00bbmiddle\u00a0\u00bb css=\u00a0\u00bb.vc_custom_1460371034251{margin-bottom: 0px !important;border-top-width: 1px !important;padding-top: 50px !important;padding-bottom: 50px !important;background-color: #eeeeee !important;border-top-color: #dddddd !important;border-top-style: solid !important;}\u00a0\u00bb el_class=\u00a0\u00bbalign-right\u00a0\u00bb][vc_column width=\u00a0\u00bb2\/3&Prime; css=\u00a0\u00bb.vc_custom_1460371018578{padding-top: 0px !important;padding-bottom: 0px !important;}\u00a0\u00bb][vc_custom_heading text=\u00a0\u00bbVous ne savez pas quelle solution r\u00e9pond \u00e0 vos besoins?\u00a0\u00bb font_container=\u00a0\u00bbtag:h3|font_size:18|text_align:left|color:%23111111&Prime; use_theme_fonts=\u00a0\u00bbyes\u00a0\u00bb][\/vc_column][vc_column width=\u00a0\u00bb1\/3&Prime; css=\u00a0\u00bb.vc_custom_1460371025238{padding-top: 0px !important;padding-bottom: 0px !important;}\u00a0\u00bb][thememove_button text=\u00a0\u00bbCONTACTEZ-NOUS\u00a0\u00bb url=\u00a0\u00bb#\u00a0\u00bb][\/vc_column][\/vc_row]<\/p>\n","protected":false},"excerpt":{"rendered":"<p>[vc_row][vc_column width=\u00a0\u00bb1\/4&Prime; css=\u00a0\u00bb.vc_custom_1632331216198{padding: 15px !important;border: 2px solid #d6d6d6 !important;}\u00a0\u00bb][vc_custom_heading text=\u00a0\u00bbPRESTATIONS DE SERVICE\u00a0\u00bb font_container=\u00a0\u00bbtag:h2|text_align:center|color:%23ffffff\u00a0\u00bb use_theme_fonts=\u00a0\u00bbyes\u00a0\u00bb css=\u00a0\u00bb.vc_custom_1632325899685{background-color: #c92e2e !important;}\u00a0\u00bb][vc_row_inner css=\u00a0\u00bb.vc_custom_1632326138610{margin-top: 20px !important;}\u00a0\u00bb][vc_column_inner [&hellip;]<\/p>\n","protected":false},"author":1,"featured_media":75671,"parent":75715,"menu_order":0,"comment_status":"closed","ping_status":"closed","template":"","meta":{"footnotes":""},"class_list":["post-75714","page","type-page","status-publish","has-post-thumbnail","hentry"],"_links":{"self":[{"href":"https:\/\/servitec.dz\/fr\/wp-json\/wp\/v2\/pages\/75714","targetHints":{"allow":["GET"]}}],"collection":[{"href":"https:\/\/servitec.dz\/fr\/wp-json\/wp\/v2\/pages"}],"about":[{"href":"https:\/\/servitec.dz\/fr\/wp-json\/wp\/v2\/types\/page"}],"author":[{"embeddable":true,"href":"https:\/\/servitec.dz\/fr\/wp-json\/wp\/v2\/users\/1"}],"replies":[{"embeddable":true,"href":"https:\/\/servitec.dz\/fr\/wp-json\/wp\/v2\/comments?post=75714"}],"version-history":[{"count":5,"href":"https:\/\/servitec.dz\/fr\/wp-json\/wp\/v2\/pages\/75714\/revisions"}],"predecessor-version":[{"id":75901,"href":"https:\/\/servitec.dz\/fr\/wp-json\/wp\/v2\/pages\/75714\/revisions\/75901"}],"up":[{"embeddable":true,"href":"https:\/\/servitec.dz\/fr\/wp-json\/wp\/v2\/pages\/75715"}],"wp:featuredmedia":[{"embeddable":true,"href":"https:\/\/servitec.dz\/fr\/wp-json\/wp\/v2\/media\/75671"}],"wp:attachment":[{"href":"https:\/\/servitec.dz\/fr\/wp-json\/wp\/v2\/media?parent=75714"}],"curies":[{"name":"wp","href":"https:\/\/api.w.org\/{rel}","templated":true}]}}