{"id":75715,"date":"2021-11-08T08:18:22","date_gmt":"2021-11-08T08:18:22","guid":{"rendered":"https:\/\/servitec.dz\/nos-services\/"},"modified":"2021-11-08T11:20:16","modified_gmt":"2021-11-08T11:20:16","slug":"nos-services","status":"publish","type":"page","link":"https:\/\/servitec.dz\/fr\/nos-services\/","title":{"rendered":"Nos services"},"content":{"rendered":"<p>[vc_row full_width=\u00a0\u00bbstretch_row\u00a0\u00bb css=\u00a0\u00bb.vc_custom_1625500202070{margin-bottom: 0px !important;padding-top: 35px !important;padding-bottom: 120px !important;}\u00a0\u00bb el_class=\u00a0\u00bbservices1&Prime;][vc_column css=\u00a0\u00bb.vc_custom_1460366899407{padding-top: 0px !important;padding-bottom: 0px !important;}\u00a0\u00bb][vc_custom_heading text=\u00a0\u00bbNOS SERVICES\u00a0\u00bb font_container=\u00a0\u00bbtag:h2|text_align:center|color:%23c90c0f\u00a0\u00bb use_theme_fonts=\u00a0\u00bbyes\u00a0\u00bb el_class=\u00a0\u00bbstyle1&Prime; css=\u00a0\u00bb.vc_custom_1625500129842{margin-bottom: 60px !important;}\u00a0\u00bb][vc_custom_heading text=\u00a0\u00bbUne vaste exp\u00e9rience et une pr\u00e9sence g\u00e9ographique unique nous permettent de fournir des solutions d\u2019entreposage, de SPMS, d\u2019archivage et de r\u00e9partition physiques et num\u00e9riques et de transport de haut niveau.\u00a0\u00bb font_container=\u00a0\u00bbtag:p|text_align:center|color:%236d6d6d\u00a0\u00bb use_theme_fonts=\u00a0\u00bbyes\u00a0\u00bb el_class=\u00a0\u00bbmw560&Prime;][\/vc_column][vc_column width=\u00a0\u00bb1\/2&Prime;][vc_row_inner][vc_column_inner width=\u00a0\u00bb1\/4&Prime;][vc_icon icon_fontawesome=\u00a0\u00bbfas fa-shipping-fast\u00a0\u00bb size=\u00a0\u00bblg\u00a0\u00bb align=\u00a0\u00bbcenter\u00a0\u00bb][\/vc_column_inner][vc_column_inner width=\u00a0\u00bb3\/4&Prime;][vc_custom_heading text=\u00a0\u00bbTRANSPORT TERRESTRE\u00a0\u00bb font_container=\u00a0\u00bbtag:h3|font_size:18|text_align:left|color:%23111111&Prime; use_theme_fonts=\u00a0\u00bbyes\u00a0\u00bb css=\u00a0\u00bb.vc_custom_1625409639821{margin-bottom: 10px !important;padding-top: 15px !important;}\u00a0\u00bb link=\u00a0\u00bburl:https%3A%2F%2Ftransport.thememove.com%2Four-services%2Fstorage%2F|\u00a0\u00bb][vc_custom_heading text=\u00a0\u00bbVous recherchez une solution de transport routier optimis\u00e9e et s\u00e9curis\u00e9e ? Marchandises et distribution porte-\u00e0-porte dans toute l\u2019ALG\u00c9RIE .<br \/>\n\u00a0\u00bb font_container=\u00a0\u00bbtag:p|font_size:14|text_align:left|color:%23878787&Prime; use_theme_fonts=\u00a0\u00bbyes\u00a0\u00bb css=\u00a0\u00bb.vc_custom_1625409976095{margin-bottom: 20px !important;}\u00a0\u00bb][\/vc_column_inner][\/vc_row_inner][\/vc_column][vc_column width=\u00a0\u00bb1\/2&Prime;][vc_row_inner][vc_column_inner width=\u00a0\u00bb1\/4&Prime;][vc_icon icon_fontawesome=\u00a0\u00bbfas fa-warehouse\u00a0\u00bb size=\u00a0\u00bblg\u00a0\u00bb align=\u00a0\u00bbcenter\u00a0\u00bb][\/vc_column_inner][vc_column_inner width=\u00a0\u00bb3\/4&Prime;][vc_custom_heading text=\u00a0\u00bbSERVICE LOGISTIQUE ET ENTREPT\u00a0\u00bb font_container=\u00a0\u00bbtag:h3|font_size:18|text_align:left|color:%23111111&Prime; use_theme_fonts=\u00a0\u00bbyes\u00a0\u00bb css=\u00a0\u00bb.vc_custom_1625410239797{margin-bottom: 10px !important;padding-top: 15px !important;}\u00a0\u00bb link=\u00a0\u00bburl:https%3A%2F%2Ftransport.thememove.com%2Four-services%2Flogistic-services%2F|\u00a0\u00bb][vc_custom_heading text=\u00a0\u00bbCombinaison de services de stockage et de logistique, une solution compl\u00e8te pour la gestion de vos marchandises, et de l\u2019entrep\u00f4t.\u00a0\u00bb font_container=\u00a0\u00bbtag:p|font_size:14|text_align:left|color:%23878787&Prime; use_theme_fonts=\u00a0\u00bbyes\u00a0\u00bb css=\u00a0\u00bb.vc_custom_1625413992392{margin-bottom: 20px !important;}\u00a0\u00bb][\/vc_column_inner][\/vc_row_inner][\/vc_column][vc_column width=\u00a0\u00bb1\/2&Prime; css=\u00a0\u00bb.vc_custom_1495009489544{margin-top: -15px !important;}\u00a0\u00bb][vc_row_inner][vc_column_inner width=\u00a0\u00bb1\/4&Prime;][vc_icon icon_fontawesome=\u00a0\u00bbfas fa-inbox\u00a0\u00bb size=\u00a0\u00bblg\u00a0\u00bb align=\u00a0\u00bbcenter\u00a0\u00bb][\/vc_column_inner][vc_column_inner width=\u00a0\u00bb3\/4&Prime;][vc_custom_heading text=\u00a0\u00bbARCHIVAGE NUM\u00c9RIQUE ET PHYSIQUE\u00a0\u00bb font_container=\u00a0\u00bbtag:h3|font_size:18|text_align:left|color:%23111111&Prime; use_theme_fonts=\u00a0\u00bbyes\u00a0\u00bb css=\u00a0\u00bb.vc_custom_1625410346107{margin-bottom: 10px !important;padding-top: 15px !important;}\u00a0\u00bb link=\u00a0\u00bburl:https%3A%2F%2Ftransport.thememove.com%2Four-services%2Fground-transport%2F|\u00a0\u00bb][vc_custom_heading text=\u00a0\u00bbServitec fournit des solutions d\u2019archivage qui vous aident \u00e0 faciliter l\u2019acc\u00e8s \u00e0 vos documents.\u00a0\u00bb font_container=\u00a0\u00bbtag:p|font_size:14|text_align:left|color:%23878787&Prime; use_theme_fonts=\u00a0\u00bbyes\u00a0\u00bb css=\u00a0\u00bb.vc_custom_1625410607328{margin-bottom: 20px !important;}\u00a0\u00bb][\/vc_column_inner][\/vc_row_inner][\/vc_column][vc_column width=\u00a0\u00bb1\/2&Prime; css=\u00a0\u00bb.vc_custom_1495009499769{margin-top: -15px !important;}\u00a0\u00bb][vc_row_inner][vc_column_inner width=\u00a0\u00bb1\/4&Prime;][vc_icon icon_fontawesome=\u00a0\u00bbfas fa-search-dollar\u00a0\u00bb size=\u00a0\u00bblg\u00a0\u00bb align=\u00a0\u00bbcenter\u00a0\u00bb][\/vc_column_inner][vc_column_inner width=\u00a0\u00bb3\/4&Prime;][vc_custom_heading text=\u00a0\u00bbCOLLECTE DE FONDS DU MINIST\u00c8RE\u00a0\u00bb font_container=\u00a0\u00bbtag:h3|font_size:18|text_align:left|color:%23111111&Prime; use_theme_fonts=\u00a0\u00bbyes\u00a0\u00bb css=\u00a0\u00bb.vc_custom_1625410748680{margin-bottom: 10px !important;padding-top: 15px !important;}\u00a0\u00bb link=\u00a0\u00bburl:https%3A%2F%2Ftransport.thememove.com%2Four-services%2Fwarehousing%2F|\u00a0\u00bb][vc_custom_heading text=\u00a0\u00bbServitec vous offre la possibilit\u00e9 de prendre des mesures imm\u00e9diates pour r\u00e9gler vos dettes impay\u00e9es.\u00a0\u00bb font_container=\u00a0\u00bbtag:p|font_size:14|text_align:left|color:%23878787&Prime; use_theme_fonts=\u00a0\u00bbyes\u00a0\u00bb css=\u00a0\u00bb.vc_custom_1625414189906{margin-bottom: 20px !important;}\u00a0\u00bb][\/vc_column_inner][\/vc_row_inner][\/vc_column][vc_column width=\u00a0\u00bb1\/2&Prime;][vc_row_inner][vc_column_inner width=\u00a0\u00bb1\/4&Prime;][vc_icon icon_fontawesome=\u00a0\u00bbfas fa-mail-bulk\u00a0\u00bb size=\u00a0\u00bblg\u00a0\u00bb align=\u00a0\u00bbcenter\u00a0\u00bb][\/vc_column_inner][vc_column_inner width=\u00a0\u00bb3\/4&Prime;][vc_custom_heading text=\u00a0\u00bbGESTION DU COURRIER\u00a0\u00bb font_container=\u00a0\u00bbtag:h3|font_size:18|text_align:left|color:%23111111&Prime; use_theme_fonts=\u00a0\u00bbyes\u00a0\u00bb css=\u00a0\u00bb.vc_custom_1625410854112{margin-bottom: 10px !important;padding-top: 15px !important;}\u00a0\u00bb link=\u00a0\u00bburl:https%3A%2F%2Ftransport.thememove.com%2Four-services%2Fground-transport%2F|\u00a0\u00bb][vc_custom_heading text=\u00a0\u00bbSolution compl\u00e8te de gestion du courrier, de l\u2019impression \u00e0 la livraison du courrier \u00e0 vos clients, gr\u00e2ce \u00e0 ses \u00e9quipes pr\u00e9sentes sur le territoire national.\u00a0\u00bb font_container=\u00a0\u00bbtag:p|font_size:14|text_align:left|color:%23878787&Prime; use_theme_fonts=\u00a0\u00bbyes\u00a0\u00bb css=\u00a0\u00bb.vc_custom_1625410928746{margin-bottom: 20px !important;}\u00a0\u00bb][\/vc_column_inner][\/vc_row_inner][\/vc_column][vc_column width=\u00a0\u00bb1\/2&Prime;][vc_row_inner][vc_column_inner width=\u00a0\u00bb1\/4&Prime;][vc_icon icon_fontawesome=\u00a0\u00bbfas fa-sim-card\u00a0\u00bb size=\u00a0\u00bblg\u00a0\u00bb align=\u00a0\u00bbcenter\u00a0\u00bb][\/vc_column_inner][vc_column_inner width=\u00a0\u00bb3\/4&Prime;][vc_custom_heading text=\u00a0\u00bbEMBALLAGE DE LA CARTE SIM\u00a0\u00bb font_container=\u00a0\u00bbtag:h3|font_size:18|text_align:left|color:%23111111&Prime; use_theme_fonts=\u00a0\u00bbyes\u00a0\u00bb css=\u00a0\u00bb.vc_custom_1625410951501{margin-bottom: 10px !important;padding-top: 15px !important;}\u00a0\u00bb link=\u00a0\u00bburl:https%3A%2F%2Ftransport.thememove.com%2Four-services%2Fwarehousing%2F|\u00a0\u00bb][vc_custom_heading text=\u00a0\u00bbServitec adapte les activit\u00e9s d\u2019emballage aux m\u00e9thodes d\u2019emballage de vos Cartes afin de r\u00e9pondre \u00e0 vos besoins et aux besoins du march\u00e9 alg\u00e9rien.\u00a0\u00bb font_container=\u00a0\u00bbtag:p|font_size:14|text_align:left|color:%23878787&Prime; use_theme_fonts=\u00a0\u00bbyes\u00a0\u00bb css=\u00a0\u00bb.vc_custom_1625414472337{margin-bottom: 20px !important;}\u00a0\u00bb][\/vc_column_inner][\/vc_row_inner][\/vc_column][\/vc_row][vc_row full_width=\u00a0\u00bbstretch_row\u00a0\u00bb content_placement=\u00a0\u00bbmiddle\u00a0\u00bb css=\u00a0\u00bb.vc_custom_1460370252956{margin-bottom: 0px !important;border-top-width: 1px !important;padding-top: 50px !important;padding-bottom: 50px !important;background-color: #eeeeee !important;border-top-color: #dddddd !important;border-top-style: solid !important;}\u00a0\u00bb el_class=\u00a0\u00bbalign-right\u00a0\u00bb][vc_column width=\u00a0\u00bb2\/3&Prime; css=\u00a0\u00bb.vc_custom_1460370237976{padding-top: 0px !important;padding-bottom: 0px !important;}\u00a0\u00bb][vc_custom_heading text=\u00a0\u00bbVous ne savez pas quelle solution correspond aux besoins de votre entreprise ?\u00a0\u00bb font_container=\u00a0\u00bbtag:h3|font_size:18|text_align:left|color:%23111111&Prime; use_theme_fonts=\u00a0\u00bbyes\u00a0\u00bb][\/vc_column][vc_column width=\u00a0\u00bb1\/3&Prime; css=\u00a0\u00bb.vc_custom_1460370244095{padding-top: 0px !important;padding-bottom: 0px !important;}\u00a0\u00bb][thememove_button text=\u00a0\u00bbCONTACTEZ-NOUS\u00a0\u00bb url=\u00a0\u00bb#\u00a0\u00bb][\/vc_column][\/vc_row]<\/p>\n","protected":false},"excerpt":{"rendered":"<p>[vc_row full_width=\u00a0\u00bbstretch_row\u00a0\u00bb css=\u00a0\u00bb.vc_custom_1625500202070{margin-bottom: 0px !important;padding-top: 35px !important;padding-bottom: 120px !important;}\u00a0\u00bb el_class=\u00a0\u00bbservices1&Prime;][vc_column css=\u00a0\u00bb.vc_custom_1460366899407{padding-top: 0px !important;padding-bottom: 0px !important;}\u00a0\u00bb][vc_custom_heading text=\u00a0\u00bbNOS SERVICES\u00a0\u00bb font_container=\u00a0\u00bbtag:h2|text_align:center|color:%23c90c0f\u00a0\u00bb use_theme_fonts=\u00a0\u00bbyes\u00a0\u00bb el_class=\u00a0\u00bbstyle1&Prime; [&hellip;]<\/p>\n","protected":false},"author":1,"featured_media":0,"parent":0,"menu_order":0,"comment_status":"closed","ping_status":"closed","template":"","meta":{"footnotes":""},"class_list":["post-75715","page","type-page","status-publish","hentry"],"_links":{"self":[{"href":"https:\/\/servitec.dz\/fr\/wp-json\/wp\/v2\/pages\/75715","targetHints":{"allow":["GET"]}}],"collection":[{"href":"https:\/\/servitec.dz\/fr\/wp-json\/wp\/v2\/pages"}],"about":[{"href":"https:\/\/servitec.dz\/fr\/wp-json\/wp\/v2\/types\/page"}],"author":[{"embeddable":true,"href":"https:\/\/servitec.dz\/fr\/wp-json\/wp\/v2\/users\/1"}],"replies":[{"embeddable":true,"href":"https:\/\/servitec.dz\/fr\/wp-json\/wp\/v2\/comments?post=75715"}],"version-history":[{"count":5,"href":"https:\/\/servitec.dz\/fr\/wp-json\/wp\/v2\/pages\/75715\/revisions"}],"predecessor-version":[{"id":75787,"href":"https:\/\/servitec.dz\/fr\/wp-json\/wp\/v2\/pages\/75715\/revisions\/75787"}],"wp:attachment":[{"href":"https:\/\/servitec.dz\/fr\/wp-json\/wp\/v2\/media?parent=75715"}],"curies":[{"name":"wp","href":"https:\/\/api.w.org\/{rel}","templated":true}]}}