{"id":75723,"date":"2021-11-08T08:18:22","date_gmt":"2021-11-08T08:18:22","guid":{"rendered":"https:\/\/servitec.dz\/nos-services\/gestion-du-courrier-imprime\/"},"modified":"2021-12-12T21:00:39","modified_gmt":"2021-12-12T21:00:39","slug":"gestion-du-courrier-imprime","status":"publish","type":"page","link":"https:\/\/servitec.dz\/fr\/nos-services\/gestion-du-courrier-imprime\/","title":{"rendered":"Gestion du courrier imprim\u00e9"},"content":{"rendered":"<p>[vc_row][vc_column width=\u00a0\u00bb1\/4&Prime; css=\u00a0\u00bb.vc_custom_1632331508190{padding: 15px !important;border: 2px solid #d3d3d3 !important;}\u00a0\u00bb][vc_custom_heading text=\u00a0\u00bbPRESTATIONS DE SERVICE\u00a0\u00bb font_container=\u00a0\u00bbtag:h2|text_align:center|color:%23ffffff\u00a0\u00bb use_theme_fonts=\u00a0\u00bbyes\u00a0\u00bb css=\u00a0\u00bb.vc_custom_1632325899685{background-color: #c92e2e !important;}\u00a0\u00bb][vc_row_inner css=\u00a0\u00bb.vc_custom_1632326138610{margin-top: 20px !important;}\u00a0\u00bb][vc_column_inner width=\u00a0\u00bb1\/4&Prime; offset=\u00a0\u00bbvc_col-xs-3&Prime;][vc_icon icon_fontawesome=\u00a0\u00bbfas fa-shopping-bag\u00a0\u00bb color=\u00a0\u00bbjuicy_pink\u00a0\u00bb background_style=\u00a0\u00bbboxed-outline\u00a0\u00bb size=\u00a0\u00bbsm\u00a0\u00bb][vc_icon icon_fontawesome=\u00a0\u00bbfas fa-warehouse\u00a0\u00bb color=\u00a0\u00bbjuicy_pink\u00a0\u00bb background_style=\u00a0\u00bbboxed-outline\u00a0\u00bb size=\u00a0\u00bbsm\u00a0\u00bb][vc_icon icon_fontawesome=\u00a0\u00bbfas fa-archive\u00a0\u00bb color=\u00a0\u00bbjuicy_pink\u00a0\u00bb background_style=\u00a0\u00bbboxed-outline\u00a0\u00bb size=\u00a0\u00bbsm\u00a0\u00bb][vc_icon icon_fontawesome=\u00a0\u00bbfas fa-hand-holding-usd\u00a0\u00bb color=\u00a0\u00bbjuicy_pink\u00a0\u00bb background_style=\u00a0\u00bbboxed-outline\u00a0\u00bb size=\u00a0\u00bbsm\u00a0\u00bb][vc_icon icon_fontawesome=\u00a0\u00bbfas fa-sim-card\u00a0\u00bb color=\u00a0\u00bbjuicy_pink\u00a0\u00bb background_style=\u00a0\u00bbboxed-outline\u00a0\u00bb size=\u00a0\u00bbsm\u00a0\u00bb][\/vc_column_inner][vc_column_inner width=\u00a0\u00bb3\/4&Prime;][vc_custom_heading text=\u00a0\u00bbKhoud Hajtek\u00a0\u00bb font_container=\u00a0\u00bbtag:h3|font_size:14|text_align:left|color:%23000000&Prime; use_theme_fonts=\u00a0\u00bbyes\u00a0\u00bb link=\u00a0\u00bburl:https%3A%2F%2Fservitec.dz%2Four-services%2Flocal-on-demand-storage%2F|title:STOCKAGE%20LOCAL%20%C3%80%20LA%20DEMANDE|target:_blank|\u00a0\u00bb css=\u00a0\u00bb.vc_custom_1632331371784{margin-top: 15px !important;}\u00a0\u00bb][vc_custom_heading text=\u00a0\u00bbLogistique et transport\u00a0\u00bb font_container=\u00a0\u00bbtag:h3|font_size:14|text_align:left|color:%23000000&Prime; use_theme_fonts=\u00a0\u00bbyes\u00a0\u00bb link=\u00a0\u00bburl:https%3A%2F%2Fservitec.dz%2Ffr%2Fnos-services%2Flogistique-transport-et-gestion-des-stocks%2F|title:Logistique%20et%20gestion%20des%20stocks%20|target:_blank|\u00a0\u00bb css=\u00a0\u00bb.vc_custom_1632841162827{margin-top: 50px !important;}\u00a0\u00bb][vc_custom_heading text=\u00a0\u00bbArchivage \u00e9lectronique et physique\u00a0\u00bb font_container=\u00a0\u00bbtag:h3|font_size:14|text_align:left|color:%23000000&Prime; use_theme_fonts=\u00a0\u00bbyes\u00a0\u00bb link=\u00a0\u00bburl:https%3A%2F%2Fservitec.dz%2Ffr%2Fnos-services%2Farchivage-electronique-et-physique%2F|target:_blank|\u00a0\u00bb css=\u00a0\u00bb.vc_custom_1632326193844{margin-top: 40px !important;}\u00a0\u00bb][vc_custom_heading text=\u00a0\u00bbRecouvrement de cr\u00e9ances\u00a0\u00bb font_container=\u00a0\u00bbtag:h3|font_size:14|text_align:left|color:%23000000&Prime; use_theme_fonts=\u00a0\u00bbyes\u00a0\u00bb link=\u00a0\u00bburl:https%3A%2F%2Fservitec.dz%2Four-services%2Fdepet-collecting%2F|title:RECOUVREMENT%20DES%20CR%C3%89ANCES|target:_blank|\u00a0\u00bb css=\u00a0\u00bb.vc_custom_1632325592830{margin-top: 60px !important;}\u00a0\u00bb][vc_custom_heading text=\u00a0\u00bbEmballage de cartes SIM\u00a0\u00bb font_container=\u00a0\u00bbtag:h3|font_size:14|text_align:left|color:%23000000&Prime; use_theme_fonts=\u00a0\u00bbyes\u00a0\u00bb link=\u00a0\u00bburl:https%3A%2F%2Fservitec.dz%2Ffr%2Fnos-services%2Femballage-de-carte-sim%2F|title:PACKAGING%20CARTE%20SIM|target:_blank|\u00a0\u00bb css=\u00a0\u00bb.vc_custom_1632325710658{margin-top: 60px !important;}\u00a0\u00bb][\/vc_column_inner][\/vc_row_inner][\/vc_column][vc_column width=\u00a0\u00bb3\/4&Prime; css=\u00a0\u00bb.vc_custom_1460370522326{padding-top: 0px !important;padding-bottom: 0px !important;}\u00a0\u00bb][vc_row_inner][vc_column_inner width=\u00a0\u00bb1\/2&Prime; css=\u00a0\u00bb.vc_custom_1460370529983{padding-top: 0px !important;padding-bottom: 0px !important;}\u00a0\u00bb][vc_single_image image=\u00a0\u00bb75672&Prime; img_size=\u00a0\u00bbfull\u00a0\u00bb alignment=\u00a0\u00bbcenter\u00a0\u00bb style=\u00a0\u00bbvc_box_shadow_3d\u00a0\u00bb css=\u00a0\u00bb.vc_custom_1631894795713{padding-top: 35px !important;}\u00a0\u00bb][\/vc_column_inner][vc_column_inner width=\u00a0\u00bb1\/2&Prime; css=\u00a0\u00bb.vc_custom_1631894765548{padding-top: 20px !important;padding-bottom: 0px !important;}\u00a0\u00bb][vc_custom_heading text=\u00a0\u00bbGESTION DU COURRIER\u00a0\u00bb font_container=\u00a0\u00bbtag:h2|text_align:left|color:%23c90c0f\u00a0\u00bb use_theme_fonts=\u00a0\u00bbyes\u00a0\u00bb el_class=\u00a0\u00bbstyle3&Prime; css=\u00a0\u00bb.vc_custom_1625527822896{margin-bottom: 30px !important;}\u00a0\u00bb][vc_column_text el_class=\u00a0\u00bbgray\u00a0\u00bb]La gestion de votre courrier vous d\u00e9tourne de votre activit\u00e9 principale ?<\/p>\n<p>Servitec vous offre une solution compl\u00e8te de gestion du courrier, de l&rsquo;impression \u00e0 la distribution \u00e0 vos clients, gr\u00e2ce \u00e0 son personnel r\u00e9parti sur tout le territoire, son centre d&rsquo;impression, sa flotte de v\u00e9hicules et son logiciel de gestion du courrier.[\/vc_column_text][\/vc_column_inner][\/vc_row_inner][vc_row_inner css=\u00a0\u00bb.vc_custom_1635106872292{margin-right: 0px !important;margin-bottom: 30px !important;margin-left: 0px !important;border-top-width: 1px !important;padding-top: 35px !important;padding-bottom: 15px !important;background-color: #dd3333 !important;border-top-color: #dddddd !important;}\u00a0\u00bb][vc_column_inner width=\u00a0\u00bb1\/2&Prime; css=\u00a0\u00bb.vc_custom_1460370556606{padding-top: 0px !important;padding-bottom: 0px !important;}\u00a0\u00bb][vc_custom_heading text=\u00a0\u00bb\u2022 T\u00e9l\u00e9chargez notre brochure Services\u00a0\u00bb font_container=\u00a0\u00bbtag:h3|font_size:18|text_align:center|color:%23ffffff|line_height:1&Prime; use_theme_fonts=\u00a0\u00bbyes\u00a0\u00bb css=\u00a0\u00bb.vc_custom_1635106849306{margin-top: 10px !important;padding-left: 10px !important;}\u00a0\u00bb][\/vc_column_inner][vc_column_inner width=\u00a0\u00bb1\/2&Prime; css=\u00a0\u00bb.vc_custom_1460370550942{padding-top: 0px !important;padding-bottom: 0px !important;}\u00a0\u00bb][vc_btn title=\u00a0\u00bbT\u00e9l\u00e9charger le PDF\u00a0\u00bb color=\u00a0\u00bbblack\u00a0\u00bb size=\u00a0\u00bbsm\u00a0\u00bb align=\u00a0\u00bbcenter\u00a0\u00bb i_icon_fontawesome=\u00a0\u00bbfas fa-download\u00a0\u00bb add_icon=\u00a0\u00bbtrue\u00a0\u00bb link=\u00a0\u00bburl:https%3A%2F%2Fservitec.dz%2Fwp-content%2Fuploads%2F2021%2F09%2FCatalogue-de-Services-2021.pdf|target:_blank|\u00a0\u00bb css=\u00a0\u00bb.vc_custom_1635106822371{margin-top: 10px !important;}\u00a0\u00bb][\/vc_column_inner][\/vc_row_inner][vc_row_inner][vc_column_inner width=\u00a0\u00bb1\/2&Prime;][vc_custom_heading text=\u00a0\u00bb\u00c9TAPES DE SERVICE\u00a0\u00bb font_container=\u00a0\u00bbtag:h2|text_align:left|color:%23c90c0f\u00a0\u00bb use_theme_fonts=\u00a0\u00bbyes\u00a0\u00bb el_class=\u00a0\u00bbstyle3&Prime; css=\u00a0\u00bb.vc_custom_1631810808929{margin-bottom: 30px !important;}\u00a0\u00bb][vc_column_text el_class=\u00a0\u00bbgray\u00a0\u00bb]<strong>La gestion du courrier passe par les \u00e9tapes suivantes :<\/strong><\/p>\n<ul>\n<li> Traitement des donn\u00e9es<\/li>\n<li> \u2022 Impression et emballage<\/li>\n<li> Tri et traitement du courrier<\/li>\n<li> Livraison du courrier aux clients<\/li>\n<li> Suivi du courrier et reporting.<\/li>\n<li> Correction d&rsquo;adresse.<\/li>\n<\/ul>\n<p>[\/vc_column_text][\/vc_column_inner][vc_column_inner width=\u00a0\u00bb1\/2&Prime;][vc_single_image image=\u00a0\u00bb75673&Prime; img_size=\u00a0\u00bblarge\u00a0\u00bb style=\u00a0\u00bbvc_box_shadow_3d\u00a0\u00bb css=\u00a0\u00bb.vc_custom_1631894902285{margin-top: 60px !important;}\u00a0\u00bb][\/vc_column_inner][\/vc_row_inner][\/vc_column][\/vc_row][vc_row full_width=\u00a0\u00bbstretch_row\u00a0\u00bb content_placement=\u00a0\u00bbmiddle\u00a0\u00bb css=\u00a0\u00bb.vc_custom_1460370595776{margin-bottom: 0px !important;border-top-width: 1px !important;padding-top: 50px !important;padding-bottom: 50px !important;background-color: #eeeeee !important;border-top-color: #dddddd !important;border-top-style: solid !important;}\u00a0\u00bb el_class=\u00a0\u00bbalign-right\u00a0\u00bb][vc_column width=\u00a0\u00bb2\/3&Prime; css=\u00a0\u00bb.vc_custom_1460370571451{padding-top: 0px !important;padding-bottom: 0px !important;}\u00a0\u00bb][vc_custom_heading text=\u00a0\u00bbVous ne savez pas quelle solution r\u00e9pond \u00e0 vos besoins?\u00a0\u00bb font_container=\u00a0\u00bbtag:h3|font_size:18|text_align:left|color:%23111111&Prime; use_theme_fonts=\u00a0\u00bbyes\u00a0\u00bb][\/vc_column][vc_column width=\u00a0\u00bb1\/3&Prime; css=\u00a0\u00bb.vc_custom_1460370576582{padding-top: 0px !important;padding-bottom: 0px !important;}\u00a0\u00bb][thememove_button text=\u00a0\u00bbCONTACTEZ-NOUS\u00a0\u00bb url=\u00a0\u00bbhttps:\/\/transport.thememove.com\/contact\/\u00a0\u00bb][\/vc_column][\/vc_row]<\/p>\n","protected":false},"excerpt":{"rendered":"<p>[vc_row][vc_column width=\u00a0\u00bb1\/4&Prime; css=\u00a0\u00bb.vc_custom_1632331508190{padding: 15px !important;border: 2px solid #d3d3d3 !important;}\u00a0\u00bb][vc_custom_heading text=\u00a0\u00bbPRESTATIONS DE SERVICE\u00a0\u00bb font_container=\u00a0\u00bbtag:h2|text_align:center|color:%23ffffff\u00a0\u00bb use_theme_fonts=\u00a0\u00bbyes\u00a0\u00bb css=\u00a0\u00bb.vc_custom_1632325899685{background-color: #c92e2e !important;}\u00a0\u00bb][vc_row_inner css=\u00a0\u00bb.vc_custom_1632326138610{margin-top: 20px !important;}\u00a0\u00bb][vc_column_inner [&hellip;]<\/p>\n","protected":false},"author":1,"featured_media":75678,"parent":75715,"menu_order":0,"comment_status":"closed","ping_status":"closed","template":"","meta":{"footnotes":""},"class_list":["post-75723","page","type-page","status-publish","has-post-thumbnail","hentry"],"_links":{"self":[{"href":"https:\/\/servitec.dz\/fr\/wp-json\/wp\/v2\/pages\/75723","targetHints":{"allow":["GET"]}}],"collection":[{"href":"https:\/\/servitec.dz\/fr\/wp-json\/wp\/v2\/pages"}],"about":[{"href":"https:\/\/servitec.dz\/fr\/wp-json\/wp\/v2\/types\/page"}],"author":[{"embeddable":true,"href":"https:\/\/servitec.dz\/fr\/wp-json\/wp\/v2\/users\/1"}],"replies":[{"embeddable":true,"href":"https:\/\/servitec.dz\/fr\/wp-json\/wp\/v2\/comments?post=75723"}],"version-history":[{"count":5,"href":"https:\/\/servitec.dz\/fr\/wp-json\/wp\/v2\/pages\/75723\/revisions"}],"predecessor-version":[{"id":75893,"href":"https:\/\/servitec.dz\/fr\/wp-json\/wp\/v2\/pages\/75723\/revisions\/75893"}],"up":[{"embeddable":true,"href":"https:\/\/servitec.dz\/fr\/wp-json\/wp\/v2\/pages\/75715"}],"wp:featuredmedia":[{"embeddable":true,"href":"https:\/\/servitec.dz\/fr\/wp-json\/wp\/v2\/media\/75678"}],"wp:attachment":[{"href":"https:\/\/servitec.dz\/fr\/wp-json\/wp\/v2\/media?parent=75723"}],"curies":[{"name":"wp","href":"https:\/\/api.w.org\/{rel}","templated":true}]}}