{"id":75724,"date":"2021-11-08T08:18:23","date_gmt":"2021-11-08T08:18:23","guid":{"rendered":"https:\/\/servitec.dz\/a-propos\/"},"modified":"2021-11-08T21:07:32","modified_gmt":"2021-11-08T21:07:32","slug":"a-propos","status":"publish","type":"page","link":"https:\/\/servitec.dz\/fr\/a-propos\/","title":{"rendered":"\u00c0 propos"},"content":{"rendered":"<p>[vc_row css=\u00a0\u00bb.vc_custom_1437124947903{margin-bottom: 70px !important;}\u00a0\u00bb][vc_column width=\u00a0\u00bb1\/2&Prime;][vc_custom_heading text=\u00a0\u00bbQUI NOUS SOMMES\u00a0\u00bb font_container=\u00a0\u00bbtag:h2|text_align:left|color:%23c90c0f\u00a0\u00bb use_theme_fonts=\u00a0\u00bbyes\u00a0\u00bb css_animation=\u00a0\u00bbfadeInUp\u00a0\u00bb el_class=\u00a0\u00bbstyle3&Prime; css=\u00a0\u00bb.vc_custom_1625497358909{margin-bottom: 40px !important;}\u00a0\u00bb][vc_column_text el_class=\u00a0\u00bbgray\u00a0\u00bb]Servitec, le leader de l\u2019externalisation des processus d\u2019affaires sur le march\u00e9 alg\u00e9rien est une filiale de Mobiserve holding.<\/p>\n<p>Servitec a \u00e9t\u00e9 cr\u00e9\u00e9 en 2001 dans le but de fournir une assistance aux entreprises ayant des besoins d\u2019externalisation li\u00e9s \u00e0 diff\u00e9rents domaines d\u2019activit\u00e9s, et de leur permettre de se concentrer sur leurs activit\u00e9s de base.<\/p>\n<p>Au cours de ses vingt ann\u00e9es d\u2019exp\u00e9rience, son portefeuille de clients a connu une croissance importante; ce qui fait de Servitec le partenaire d\u2019externalisation privil\u00e9gi\u00e9 en Alg\u00e9rie.<\/p>\n<p>Titulaire des certifications relatives aux Syst\u00e8mes de Management Int\u00e9gr\u00e9 (ISO 9001; ISO14001; OHSAS18001); Servitec est pr\u00eat \u00e0 r\u00e9pondre \u00e0 vos besoins de la mani\u00e8re la plus efficace et efficiente avec la plus haute qualit\u00e9.[\/vc_column_text][thememove_button text=\u00a0\u00bbCONTACTEZ -NOUS\u00a0\u00bb url=\u00a0\u00bbhttps:\/\/servitec.dz\/fr\/contacter\/\u00a0\u00bb][\/vc_column][vc_column width=\u00a0\u00bb1\/2&Prime;][vc_custom_heading text=\u00a0\u00bbNOTRE FORCE\u00a0\u00bb font_container=\u00a0\u00bbtag:h2|text_align:left|color:%23c90c0f\u00a0\u00bb use_theme_fonts=\u00a0\u00bbyes\u00a0\u00bb css_animation=\u00a0\u00bbfadeInUp\u00a0\u00bb el_class=\u00a0\u00bbstyle3&Prime; css=\u00a0\u00bb.vc_custom_1632830277014{margin-bottom: 40px !important;}\u00a0\u00bb][vc_progress_bar values=\u00a0\u00bb%5B%7B%22label%22%3A%22WIDE%20COVERAGE%20OVER%20ALGERIAN%20TERRITORIES.%22%2C%22value%22%3A%2297%22%2C%22color%22%3A%22bar_red%22%7D%2C%7B%22label%22%3A%22%20QUALITY%20COMMITMENT%22%2C%22value%22%3A%2290%22%2C%22color%22%3A%22bar_red%22%7D%2C%7B%22label%22%3A%22WAREHOUSING%20%26%20TRANSPORTING%20WITH%20OUR%20OWN%20FLEET%22%2C%22value%22%3A%2290%22%2C%22color%22%3A%22bar_red%22%7D%2C%7B%22label%22%3A%22ISO%20%26%20OSHA%20CERTIFIED%20%22%2C%22value%22%3A%2295%22%2C%22color%22%3A%22bar_red%22%7D%5D\u00a0\u00bb bgcolor=\u00a0\u00bbbar_red\u00a0\u00bb options=\u00a0\u00bbstriped,animated\u00a0\u00bb][\/vc_column][\/vc_row][vc_row disable_element=\u00a0\u00bbyes\u00a0\u00bb css=\u00a0\u00bb.vc_custom_1625497940843{margin-bottom: 70px !important;}\u00a0\u00bb][vc_column width=\u00a0\u00bb1\/3&Prime;][vc_custom_heading text=\u00a0\u00bbNOTRE MISSION\u00a0\u00bb font_container=\u00a0\u00bbtag:h2|text_align:left|color:%23111111&Prime; use_theme_fonts=\u00a0\u00bbyes\u00a0\u00bb el_class=\u00a0\u00bbstyle3&Prime; css=\u00a0\u00bb.vc_custom_1437125348288{margin-bottom: 40px !important;}\u00a0\u00bb][vc_single_image image=\u00a0\u00bb75557&Prime; img_size=\u00a0\u00bblarge\u00a0\u00bb css=\u00a0\u00bb.vc_custom_1437125427396{margin-bottom: 35px !important;}\u00a0\u00bb][vc_column_text]Les principes suivants refl\u00e8tent nos valeurs, d\u00e9finissent notre culture et guident nos actions :<\/p>\n<ul>\n<li>Dirigez avec humilit\u00e9 et respect.<\/li>\n<li>Gagnez la confiance gr\u00e2ce \u00e0 l&rsquo;authenticit\u00e9 et la responsabilit\u00e9.<\/li>\n<li>Cultiver des partenariats mutuellement avantageux avec les clients, les associ\u00e9s et les fournisseurs.<\/li>\n<li>Pratiquez le leadership serviteur et exigez les normes les plus \u00e9lev\u00e9es.<\/li>\n<\/ul>\n<p>[\/vc_column_text][\/vc_column][vc_column width=\u00a0\u00bb1\/3&Prime;][vc_custom_heading text=\u00a0\u00bbNOTRE VISION\u00a0\u00bb font_container=\u00a0\u00bbtag:h2|text_align:left|color:%23111111&Prime; use_theme_fonts=\u00a0\u00bbyes\u00a0\u00bb el_class=\u00a0\u00bbstyle3&Prime; css=\u00a0\u00bb.vc_custom_1437125634990{margin-bottom: 40px !important;}\u00a0\u00bb][vc_single_image image=\u00a0\u00bb75560&Prime; img_size=\u00a0\u00bblarge\u00a0\u00bb css=\u00a0\u00bb.vc_custom_1437125661656{margin-bottom: 35px !important;}\u00a0\u00bb][vc_column_text]Les principes suivants refl\u00e8tent nos valeurs, d\u00e9finissent notre culture et guident nos actions :<\/p>\n<ul>\n<li>Dirigez avec humilit\u00e9 et respect.<\/li>\n<li>Gagnez la confiance gr\u00e2ce \u00e0 l&rsquo;authenticit\u00e9 et la responsabilit\u00e9.<\/li>\n<li>Cultiver des partenariats mutuellement avantageux avec les clients, les associ\u00e9s et les fournisseurs.<\/li>\n<li>Pratiquez le leadership serviteur et exigez les normes les plus \u00e9lev\u00e9es.<\/li>\n<\/ul>\n<p>[\/vc_column_text][\/vc_column][vc_column width=\u00a0\u00bb1\/3&Prime;][vc_custom_heading text=\u00a0\u00bbOBJECTIF \u00c9LARGI\u00a0\u00bb font_container=\u00a0\u00bbtag:h2|text_align:left|color:%23111111&Prime; use_theme_fonts=\u00a0\u00bbyes\u00a0\u00bb el_class=\u00a0\u00bbstyle3&Prime; css=\u00a0\u00bb.vc_custom_1437125645243{margin-bottom: 40px !important;}\u00a0\u00bb][vc_single_image image=\u00a0\u00bb75562&Prime; img_size=\u00a0\u00bblarge\u00a0\u00bb css=\u00a0\u00bb.vc_custom_1437125676123{margin-bottom: 35px !important;}\u00a0\u00bb][vc_column_text]Les principes suivants refl\u00e8tent nos valeurs, d\u00e9finissent notre culture et guident nos actions :<\/p>\n<ul>\n<li>Dirigez avec humilit\u00e9 et respect.<\/li>\n<li>Gagnez la confiance gr\u00e2ce \u00e0 l&rsquo;authenticit\u00e9 et la responsabilit\u00e9.<\/li>\n<li>Cultiver des partenariats mutuellement avantageux avec les clients, les associ\u00e9s et les fournisseurs.<\/li>\n<li>Pratiquez le leadership serviteur et exigez les normes les plus \u00e9lev\u00e9es.<\/li>\n<\/ul>\n<p>[\/vc_column_text][\/vc_column][\/vc_row][vc_row full_width=\u00a0\u00bbstretch_row\u00a0\u00bb parallax=\u00a0\u00bbcontent-moving\u00a0\u00bb parallax_image=\u00a0\u00bb74129&Prime; css=\u00a0\u00bb.vc_custom_1625439546706{margin-bottom: 0px !important;padding-top: 0px !important;padding-bottom: 0px !important;}\u00a0\u00bb el_class=\u00a0\u00bbtesti\u00a0\u00bb][vc_column width=\u00a0\u00bb1\/3&Prime; css=\u00a0\u00bb.vc_custom_1460365735709{padding-top: 0px !important;padding-bottom: 0px !important;}\u00a0\u00bb][vc_empty_space height=\u00a0\u00bb50&Prime;][vc_single_image image=\u00a0\u00bb75653&Prime; img_size=\u00a0\u00bbmedium\u00a0\u00bb alignment=\u00a0\u00bbcenter\u00a0\u00bb onclick=\u00a0\u00bblink_image\u00a0\u00bb css_animation=\u00a0\u00bbfadeInLeft\u00a0\u00bb][\/vc_column][vc_column width=\u00a0\u00bb1\/3&Prime;][vc_custom_heading text=\u00a0\u00bbCERTIFICATIONS\u00a0\u00bb font_container=\u00a0\u00bbtag:h2|text_align:left|color:%23ffffff\u00a0\u00bb use_theme_fonts=\u00a0\u00bbyes\u00a0\u00bb el_class=\u00a0\u00bbstyle1&Prime; css=\u00a0\u00bb.vc_custom_1625497975496{margin-bottom: 60px !important;padding-right: 0px !important;}\u00a0\u00bb][vc_single_image image=\u00a0\u00bb75652&Prime; img_size=\u00a0\u00bbmedium\u00a0\u00bb alignment=\u00a0\u00bbcenter\u00a0\u00bb onclick=\u00a0\u00bblink_image\u00a0\u00bb css_animation=\u00a0\u00bbfadeInUp\u00a0\u00bb][\/vc_column][vc_column width=\u00a0\u00bb1\/3&Prime;][vc_empty_space height=\u00a0\u00bb50&Prime;][vc_single_image image=\u00a0\u00bb75651&Prime; img_size=\u00a0\u00bbmedium\u00a0\u00bb alignment=\u00a0\u00bbcenter\u00a0\u00bb onclick=\u00a0\u00bblink_image\u00a0\u00bb css_animation=\u00a0\u00bbfadeInRight\u00a0\u00bb][\/vc_column][\/vc_row][vc_row full_width=\u00a0\u00bbstretch_row_content_no_spaces\u00a0\u00bb css=\u00a0\u00bb.vc_custom_1632332206469{margin-top: 0px !important;margin-right: 0px !important;margin-bottom: 0px !important;margin-left: 0px !important;padding-top: 40px !important;padding-bottom: 50px !important;}\u00a0\u00bb el_id=\u00a0\u00bbOct\u00a0\u00bb][vc_column][vc_custom_heading text=\u00a0\u00bbDEUX D\u00c9CENNIES DE DUR LABEUR\u00a0\u00bb font_container=\u00a0\u00bbtag:h2|font_size:32|text_align:center|color:%23dd3333&Prime; use_theme_fonts=\u00a0\u00bbyes\u00a0\u00bb css=\u00a0\u00bb.vc_custom_1632332134815{padding-bottom: 20px !important;}\u00a0\u00bb el_id=\u00a0\u00bboct\u00a0\u00bb el_class=\u00a0\u00bbstyle1&Prime;][vc_custom_heading text=\u00a0\u00bbOctobre 2021 est le \u00ab 20e anniversaire \u00bb de nos principales r\u00e9alisations au cours des 20 derni\u00e8res ann\u00e9es.\u00a0\u00bb font_container=\u00a0\u00bbtag:p|text_align:center|color:%23888888&Prime; use_theme_fonts=\u00a0\u00bbyes\u00a0\u00bb el_class=\u00a0\u00bbmw560&Prime;][vc_row_inner el_class=\u00a0\u00bbprocesses\u00a0\u00bb][vc_column_inner width=\u00a0\u00bb1\/6&Prime;][\/vc_column_inner][vc_column_inner width=\u00a0\u00bb1\/6&Prime;][vc_single_image image=\u00a0\u00bb75704&Prime; img_size=\u00a0\u00bblarge\u00a0\u00bb alignment=\u00a0\u00bbcenter\u00a0\u00bb][vc_custom_heading text=\u00a0\u00bb<em>2001<\/em>\u00a0\u00bb font_container=\u00a0\u00bbtag:h2|font_size:24|text_align:center|color:%23dd3333&Prime; use_theme_fonts=\u00a0\u00bbyes\u00a0\u00bb css=\u00a0\u00bb.vc_custom_1635017327242{margin-top: -20px !important;}\u00a0\u00bb][vc_custom_heading text=\u00a0\u00bb\u00c9tabli en Alg\u00e9rie, offrant National Express Courier.\u00a0\u00bb font_container=\u00a0\u00bbtag:p|text_align:center|color:%23878787&Prime; use_theme_fonts=\u00a0\u00bbyes\u00a0\u00bb][\/vc_column_inner][vc_column_inner width=\u00a0\u00bb1\/6&Prime;][vc_single_image image=\u00a0\u00bb75702&Prime; img_size=\u00a0\u00bbfull\u00a0\u00bb alignment=\u00a0\u00bbcenter\u00a0\u00bb][vc_custom_heading text=\u00a0\u00bb<em>2004<\/em>\u00a0\u00bb font_container=\u00a0\u00bbtag:h2|font_size:24|text_align:center\u00a0\u00bb use_theme_fonts=\u00a0\u00bbyes\u00a0\u00bb css=\u00a0\u00bb.vc_custom_1632130371968{margin-top: -20px !important;}\u00a0\u00bb][vc_custom_heading text=\u00a0\u00bbLancement des Services de recouvrement de cr\u00e9ances .\u00a0\u00bb font_container=\u00a0\u00bbtag:p|text_align:center|color:%23878787&Prime; use_theme_fonts=\u00a0\u00bbyes\u00a0\u00bb][\/vc_column_inner][vc_column_inner width=\u00a0\u00bb1\/6&Prime;][vc_single_image image=\u00a0\u00bb75703&Prime; img_size=\u00a0\u00bbfull\u00a0\u00bb alignment=\u00a0\u00bbcenter\u00a0\u00bb][vc_custom_heading text=\u00a0\u00bb<em>2006<\/em>\u00a0\u00bb font_container=\u00a0\u00bbtag:h2|font_size:24|text_align:center\u00a0\u00bb use_theme_fonts=\u00a0\u00bbyes\u00a0\u00bb css=\u00a0\u00bb.vc_custom_1632130563634{margin-top: -20px !important;}\u00a0\u00bb][vc_custom_heading text=\u00a0\u00bbLancement du service Packaging Carte SIM.\u00a0\u00bb font_container=\u00a0\u00bbtag:p|text_align:center|color:%23878787&Prime; use_theme_fonts=\u00a0\u00bbyes\u00a0\u00bb][\/vc_column_inner][vc_column_inner width=\u00a0\u00bb1\/6&Prime;][vc_single_image image=\u00a0\u00bb75700&Prime; img_size=\u00a0\u00bbfull\u00a0\u00bb alignment=\u00a0\u00bbcenter\u00a0\u00bb][vc_custom_heading text=\u00a0\u00bb<em>2012<\/em>\u00a0\u00bb font_container=\u00a0\u00bbtag:h2|font_size:24|text_align:center\u00a0\u00bb use_theme_fonts=\u00a0\u00bbyes\u00a0\u00bb css=\u00a0\u00bb.vc_custom_1632130641622{margin-top: -20px !important;}\u00a0\u00bb][vc_custom_heading text=\u00a0\u00bbLancement des services d\u2019archivage de documents.\u00a0\u00bb font_container=\u00a0\u00bbtag:p|text_align:center|color:%23878787&Prime; use_theme_fonts=\u00a0\u00bbyes\u00a0\u00bb][\/vc_column_inner][vc_column_inner width=\u00a0\u00bb1\/6&Prime;][\/vc_column_inner][\/vc_row_inner][\/vc_column][\/vc_row][vc_row full_width=\u00a0\u00bbstretch_row\u00a0\u00bb el_class=\u00a0\u00bbprocesses\u00a0\u00bb][vc_column width=\u00a0\u00bb1\/6&Prime;][vc_single_image image=\u00a0\u00bb75705&Prime; img_size=\u00a0\u00bbfull\u00a0\u00bb alignment=\u00a0\u00bbcenter\u00a0\u00bb el_class=\u00a0\u00bbprocesses\u00a0\u00bb][vc_custom_heading text=\u00a0\u00bb<em>2013<\/em>\u00a0\u00bb font_container=\u00a0\u00bbtag:h2|font_size:24|text_align:center\u00a0\u00bb use_theme_fonts=\u00a0\u00bbyes\u00a0\u00bb css=\u00a0\u00bb.vc_custom_1632130670221{margin-top: -20px !important;}\u00a0\u00bb][vc_custom_heading text=\u00a0\u00bbLancement des services logistiques .\u00a0\u00bb font_container=\u00a0\u00bbtag:p|text_align:center|color:%23878787&Prime; use_theme_fonts=\u00a0\u00bbyes\u00a0\u00bb][\/vc_column][vc_column width=\u00a0\u00bb1\/6&Prime;][vc_single_image image=\u00a0\u00bb75701&Prime; img_size=\u00a0\u00bbfull\u00a0\u00bb alignment=\u00a0\u00bbcenter\u00a0\u00bb][vc_custom_heading text=\u00a0\u00bb<em>2015<\/em>\u00a0\u00bb font_container=\u00a0\u00bbtag:h2|font_size:24|text_align:center\u00a0\u00bb use_theme_fonts=\u00a0\u00bbyes\u00a0\u00bb css=\u00a0\u00bb.vc_custom_1632130685710{margin-top: -20px !important;}\u00a0\u00bb][vc_custom_heading text=\u00a0\u00bbCertification ISO 9001, ISO 14001 et OHSAS 18001.\u00a0\u00bb font_container=\u00a0\u00bbtag:p|text_align:center|color:%23878787&Prime; use_theme_fonts=\u00a0\u00bbyes\u00a0\u00bb][\/vc_column][vc_column width=\u00a0\u00bb1\/6&Prime;][vc_single_image image=\u00a0\u00bb75706&Prime; img_size=\u00a0\u00bbfull\u00a0\u00bb alignment=\u00a0\u00bbcenter\u00a0\u00bb][vc_custom_heading text=\u00a0\u00bb<em>2017<\/em>\u00a0\u00bb font_container=\u00a0\u00bbtag:h2|font_size:24|text_align:center\u00a0\u00bb use_theme_fonts=\u00a0\u00bbyes\u00a0\u00bb css=\u00a0\u00bb.vc_custom_1632130717476{margin-top: -20px !important;}\u00a0\u00bb][vc_custom_heading text=\u00a0\u00bbObtention du permis national de transport terrestre.\u00a0\u00bb font_container=\u00a0\u00bbtag:p|text_align:center|color:%23878787&Prime; use_theme_fonts=\u00a0\u00bbyes\u00a0\u00bb][\/vc_column][vc_column width=\u00a0\u00bb1\/6&Prime;][vc_single_image image=\u00a0\u00bb75707&Prime; img_size=\u00a0\u00bbfull\u00a0\u00bb alignment=\u00a0\u00bbcenter\u00a0\u00bb][vc_custom_heading text=\u00a0\u00bb<em>2020<\/em>\u00a0\u00bb font_container=\u00a0\u00bbtag:h2|font_size:24|text_align:center\u00a0\u00bb use_theme_fonts=\u00a0\u00bbyes\u00a0\u00bb css=\u00a0\u00bb.vc_custom_1632130737387{margin-top: -20px !important;}\u00a0\u00bb][vc_custom_heading text=\u00a0\u00bbObtention de la licence d\u2019exploitation du centre d\u2019appels.\u00a0\u00bb font_container=\u00a0\u00bbtag:p|text_align:center|color:%23878787&Prime; use_theme_fonts=\u00a0\u00bbyes\u00a0\u00bb][\/vc_column][vc_column width=\u00a0\u00bb1\/6&Prime;][vc_single_image image=\u00a0\u00bb75697&Prime; img_size=\u00a0\u00bb75&#215;75&Prime; alignment=\u00a0\u00bbcenter\u00a0\u00bb css=\u00a0\u00bb.vc_custom_1632830831880{margin-top: 15px !important;}\u00a0\u00bb][vc_custom_heading text=\u00a0\u00bb<em>2021<\/em>\u00a0\u00bb font_container=\u00a0\u00bbtag:h2|font_size:24|text_align:center\u00a0\u00bb use_theme_fonts=\u00a0\u00bbyes\u00a0\u00bb css=\u00a0\u00bb.vc_custom_1632830490594{margin-top: -20px !important;}\u00a0\u00bb][vc_custom_heading text=\u00a0\u00bbD\u00e9marrage du nouveau projet Khoud Hajtek.\u00a0\u00bb font_container=\u00a0\u00bbtag:p|text_align:center|color:%23878787&Prime; use_theme_fonts=\u00a0\u00bbyes\u00a0\u00bb][\/vc_column][\/vc_row][vc_row full_width=\u00a0\u00bbstretch_row\u00a0\u00bb css=\u00a0\u00bb.vc_custom_1632130128003{margin-top: 0px !important;margin-bottom: 0px !important;margin-left: 150px !important;padding-bottom: 100px !important;}\u00a0\u00bb el_class=\u00a0\u00bbprocesses\u00a0\u00bb][vc_column offset=\u00a0\u00bbvc_col-xs-12&Prime;][\/vc_column][vc_column width=\u00a0\u00bb1\/4&Prime;][\/vc_column][vc_column width=\u00a0\u00bb1\/4&Prime; offset=\u00a0\u00bbvc_col-xs-8&Prime;][\/vc_column][vc_column width=\u00a0\u00bb1\/4&Prime;][\/vc_column][\/vc_row][vc_row full_width=\u00a0\u00bbstretch_row\u00a0\u00bb css=\u00a0\u00bb.vc_custom_1460434277355{margin-bottom: 0px !important;border-top-width: 1px !important;padding-top: 50px !important;padding-bottom: 50px !important;background-color: #eeeeee !important;border-top-color: #dddddd !important;border-top-style: solid !important;}\u00a0\u00bb el_class=\u00a0\u00bbalign-right\u00a0\u00bb][vc_column width=\u00a0\u00bb2\/3&Prime; css=\u00a0\u00bb.vc_custom_1460434264877{padding-top: 0px !important;padding-bottom: 0px !important;}\u00a0\u00bb][vc_custom_heading text=\u00a0\u00bbVous ne savez pas quelle solution correspond aux besoins de votre entreprise ?\u00a0\u00bb font_container=\u00a0\u00bbtag:h3|font_size:18|text_align:left|color:%23111111&Prime; use_theme_fonts=\u00a0\u00bbyes\u00a0\u00bb css=\u00a0\u00bb.vc_custom_1625498700871{margin-top: 10px !important;}\u00a0\u00bb][\/vc_column][vc_column width=\u00a0\u00bb1\/3&Prime; css=\u00a0\u00bb.vc_custom_1460434270975{padding-top: 0px !important;padding-bottom: 0px !important;}\u00a0\u00bb][thememove_button text=\u00a0\u00bbContactez-nous\u00a0\u00bb url=\u00a0\u00bbhttps:\/\/servitec.dz\/fr\/contacter\/\u00a0\u00bb][\/vc_column][\/vc_row][vc_row][vc_column offset=\u00a0\u00bbvc_hidden-xs\u00a0\u00bb][vc_custom_heading text=\u00a0\u00bbNOS CLIENTS\u00a0\u00bb font_container=\u00a0\u00bbtag:h2|text_align:left|color:%23c90c0f\u00a0\u00bb use_theme_fonts=\u00a0\u00bbyes\u00a0\u00bb el_class=\u00a0\u00bbstyle3&Prime; css=\u00a0\u00bb.vc_custom_1625498650854{margin-bottom: 40px !important;}\u00a0\u00bb][\/vc_column][\/vc_row][vc_row][vc_column][vc_images_carousel images=\u00a0\u00bb75685,75686,75687,75688,75690,75691,75692,75693,75694,75695,75696,75708,75709&Prime; img_size=\u00a0\u00bb1200&#215;300&Prime; onclick=\u00a0\u00bblink_no\u00a0\u00bb speed=\u00a0\u00bb3000&Prime; slides_per_view=\u00a0\u00bb7&Prime; autoplay=\u00a0\u00bbyes\u00a0\u00bb hide_pagination_control=\u00a0\u00bbyes\u00a0\u00bb hide_prev_next_buttons=\u00a0\u00bbyes\u00a0\u00bb wrap=\u00a0\u00bbyes\u00a0\u00bb][\/vc_column][\/vc_row]<\/p>\n","protected":false},"excerpt":{"rendered":"<p>[vc_row css=\u00a0\u00bb.vc_custom_1437124947903{margin-bottom: 70px !important;}\u00a0\u00bb][vc_column width=\u00a0\u00bb1\/2&Prime;][vc_custom_heading text=\u00a0\u00bbQUI NOUS SOMMES\u00a0\u00bb font_container=\u00a0\u00bbtag:h2|text_align:left|color:%23c90c0f\u00a0\u00bb use_theme_fonts=\u00a0\u00bbyes\u00a0\u00bb css_animation=\u00a0\u00bbfadeInUp\u00a0\u00bb el_class=\u00a0\u00bbstyle3&Prime; css=\u00a0\u00bb.vc_custom_1625497358909{margin-bottom: 40px !important;}\u00a0\u00bb][vc_column_text el_class=\u00a0\u00bbgray\u00a0\u00bb]Servitec, le leader de l\u2019externalisation [&hellip;]<\/p>\n","protected":false},"author":1,"featured_media":75676,"parent":0,"menu_order":0,"comment_status":"open","ping_status":"closed","template":"","meta":{"footnotes":""},"class_list":["post-75724","page","type-page","status-publish","has-post-thumbnail","hentry"],"_links":{"self":[{"href":"https:\/\/servitec.dz\/fr\/wp-json\/wp\/v2\/pages\/75724","targetHints":{"allow":["GET"]}}],"collection":[{"href":"https:\/\/servitec.dz\/fr\/wp-json\/wp\/v2\/pages"}],"about":[{"href":"https:\/\/servitec.dz\/fr\/wp-json\/wp\/v2\/types\/page"}],"author":[{"embeddable":true,"href":"https:\/\/servitec.dz\/fr\/wp-json\/wp\/v2\/users\/1"}],"replies":[{"embeddable":true,"href":"https:\/\/servitec.dz\/fr\/wp-json\/wp\/v2\/comments?post=75724"}],"version-history":[{"count":5,"href":"https:\/\/servitec.dz\/fr\/wp-json\/wp\/v2\/pages\/75724\/revisions"}],"predecessor-version":[{"id":75849,"href":"https:\/\/servitec.dz\/fr\/wp-json\/wp\/v2\/pages\/75724\/revisions\/75849"}],"wp:featuredmedia":[{"embeddable":true,"href":"https:\/\/servitec.dz\/fr\/wp-json\/wp\/v2\/media\/75676"}],"wp:attachment":[{"href":"https:\/\/servitec.dz\/fr\/wp-json\/wp\/v2\/media?parent=75724"}],"curies":[{"name":"wp","href":"https:\/\/api.w.org\/{rel}","templated":true}]}}