{"id":75735,"date":"2021-11-08T08:18:25","date_gmt":"2021-11-08T08:18:25","guid":{"rendered":"https:\/\/servitec.dz\/nos-services\/logistique-transport-et-gestion-des-stocks\/"},"modified":"2021-11-08T22:32:05","modified_gmt":"2021-11-08T22:32:05","slug":"logistique-transport-et-gestion-des-stocks","status":"publish","type":"page","link":"https:\/\/servitec.dz\/fr\/nos-services\/logistique-transport-et-gestion-des-stocks\/","title":{"rendered":"Logistique, transport et gestion des stocks"},"content":{"rendered":"<p>[vc_row][vc_column width=\u00a0\u00bb1\/2&Prime;][vc_custom_heading text=\u00a0\u00bbSOLUTIONS DE BOUT EN BOUT\u00a0\u00bb font_container=\u00a0\u00bbtag:h2|text_align:left|color:%23c90c0f\u00a0\u00bb use_theme_fonts=\u00a0\u00bbyes\u00a0\u00bb el_class=\u00a0\u00bbstyle3&Prime; css=\u00a0\u00bb.vc_custom_1631890965645{margin-bottom: 30px !important;}\u00a0\u00bb][vc_column_text]Vous souffrez du manque d\u2019espace ?<\/p>\n<p>Vous avez de la difficult\u00e9 \u00e0 g\u00e9rer vos stocks?<\/p>\n<p>Vous recherchez une solution de transport de marchandises optimis\u00e9e et fiable ?<\/p>\n<p>Servitec fournit des solutions de bout en bout pour la gestion de vos marchandises en combinant la gestion des stocks, le transport et les services logistiques.<\/p>\n<p>Notre \u00e9quipe professionnelle d\u2019experts vous accompagnera tout au long de la cha\u00eene logistique et mettra en place un service adapt\u00e9 \u00e0 vos besoins.[\/vc_column_text][vc_text_separator title=\u00a0\u00bb\u00a0\u00bb style=\u00a0\u00bbshadow\u00a0\u00bb border_width=\u00a0\u00bb3&Prime;][\/vc_column][vc_column width=\u00a0\u00bb1\/2&Prime;][vc_single_image image=\u00a0\u00bb75669&Prime; img_size=\u00a0\u00bblarge\u00a0\u00bb style=\u00a0\u00bbvc_box_shadow_3d\u00a0\u00bb][\/vc_column][\/vc_row][vc_row][vc_column width=\u00a0\u00bb1\/4&Prime; css=\u00a0\u00bb.vc_custom_1632329787260{border: 2px solid #d8d8d8 !important;}\u00a0\u00bb][vc_custom_heading text=\u00a0\u00bbPRESTATIONS DE SERVICE\u00a0\u00bb font_container=\u00a0\u00bbtag:h2|text_align:center|color:%23ffffff\u00a0\u00bb use_theme_fonts=\u00a0\u00bbyes\u00a0\u00bb css=\u00a0\u00bb.vc_custom_1632325899685{background-color: #c92e2e !important;}\u00a0\u00bb][vc_row_inner css=\u00a0\u00bb.vc_custom_1632329908392{margin-top: 20px !important;}\u00a0\u00bb][vc_column_inner width=\u00a0\u00bb1\/4&Prime; offset=\u00a0\u00bbvc_col-xs-3&Prime;][vc_icon icon_fontawesome=\u00a0\u00bbfas fa-shopping-bag\u00a0\u00bb color=\u00a0\u00bbjuicy_pink\u00a0\u00bb background_style=\u00a0\u00bbboxed-outline\u00a0\u00bb size=\u00a0\u00bbsm\u00a0\u00bb link=\u00a0\u00bburl:https%3A%2F%2Fservitec.dz%2Four-services%2Flocal-on-demand-storage%2F|title:LOCAL%20ON-DEMAND%20STORAGE|target:_blank\u00a0\u00bb][vc_icon icon_fontawesome=\u00a0\u00bbfas fa-archive\u00a0\u00bb color=\u00a0\u00bbjuicy_pink\u00a0\u00bb background_style=\u00a0\u00bbboxed-outline\u00a0\u00bb size=\u00a0\u00bbsm\u00a0\u00bb][vc_icon icon_fontawesome=\u00a0\u00bbfas fa-mail-bulk\u00a0\u00bb color=\u00a0\u00bbjuicy_pink\u00a0\u00bb background_style=\u00a0\u00bbboxed-outline\u00a0\u00bb size=\u00a0\u00bbsm\u00a0\u00bb][vc_icon icon_fontawesome=\u00a0\u00bbfas fa-hand-holding-usd\u00a0\u00bb color=\u00a0\u00bbjuicy_pink\u00a0\u00bb background_style=\u00a0\u00bbboxed-outline\u00a0\u00bb size=\u00a0\u00bbsm\u00a0\u00bb][vc_icon icon_fontawesome=\u00a0\u00bbfas fa-sim-card\u00a0\u00bb color=\u00a0\u00bbjuicy_pink\u00a0\u00bb background_style=\u00a0\u00bbboxed-outline\u00a0\u00bb size=\u00a0\u00bbsm\u00a0\u00bb][\/vc_column_inner][vc_column_inner width=\u00a0\u00bb3\/4&Prime; offset=\u00a0\u00bbvc_col-xs-9&Prime;][vc_custom_heading text=\u00a0\u00bbKhoud Hajtek\u00a0\u00bb font_container=\u00a0\u00bbtag:h3|font_size:14|text_align:left|color:%23000000&Prime; use_theme_fonts=\u00a0\u00bbyes\u00a0\u00bb link=\u00a0\u00bburl:https%3A%2F%2Fservitec.dz%2Ffr%2Fnos-services%2Fkhoud-hajtek%2F|title:STOCKAGE%20LOCAL%20%C3%80%20LA%20DEMANDE|target:_blank\u00a0\u00bb css=\u00a0\u00bb.vc_custom_1636410572912{margin-top: 15px !important;}\u00a0\u00bb][vc_custom_heading text=\u00a0\u00bbArchivage \u00e9lectronique et physique\u00a0\u00bb font_container=\u00a0\u00bbtag:h3|font_size:14|text_align:left|color:%23000000&Prime; use_theme_fonts=\u00a0\u00bbyes\u00a0\u00bb link=\u00a0\u00bburl:https%3A%2F%2Fservitec.dz%2Ffr%2Fnos-services%2Farchivage-electronique-et-physique%2F|target:_blank|\u00a0\u00bb css=\u00a0\u00bb.vc_custom_1636410602414{margin-top: 50px !important;}\u00a0\u00bb][vc_custom_heading text=\u00a0\u00bbGestion du courrier imprim\u00e9\u00a0\u00bb font_container=\u00a0\u00bbtag:h3|font_size:14|text_align:left|color:%23000000&Prime; use_theme_fonts=\u00a0\u00bbyes\u00a0\u00bb link=\u00a0\u00bburl:https%3A%2F%2Fservitec.dz%2Ffr%2Fnos-services%2Fgestion-du-courrier-imprime%2F|title:Gestion%20du%20courrier%20imprim%C3%A9|target:_blank\u00a0\u00bb css=\u00a0\u00bb.vc_custom_1636410626920{margin-top: 50px !important;}\u00a0\u00bb][vc_custom_heading text=\u00a0\u00bbRecouvrement de cr\u00e9ances\u00a0\u00bb font_container=\u00a0\u00bbtag:h3|font_size:14|text_align:left|color:%23000000&Prime; use_theme_fonts=\u00a0\u00bbyes\u00a0\u00bb link=\u00a0\u00bburl:https%3A%2F%2Fservitec.dz%2Four-services%2Fdepet-collecting%2F|title:RECOUVREMENT%20DES%20CR%C3%89ANCES|target:_blank|\u00a0\u00bb css=\u00a0\u00bb.vc_custom_1632325592830{margin-top: 60px !important;}\u00a0\u00bb][vc_custom_heading text=\u00a0\u00bbEmballage de cartes SIM\u00a0\u00bb font_container=\u00a0\u00bbtag:h3|font_size:14|text_align:left|color:%23000000&Prime; use_theme_fonts=\u00a0\u00bbyes\u00a0\u00bb link=\u00a0\u00bburl:https%3A%2F%2Fservitec.dz%2Ffr%2Fnos-services%2Femballage-de-carte-sim%2F|title:PACKAGING%20CARTE%20SIM|target:_blank|\u00a0\u00bb css=\u00a0\u00bb.vc_custom_1632325710658{margin-top: 60px !important;}\u00a0\u00bb][\/vc_column_inner][\/vc_row_inner][\/vc_column][vc_column width=\u00a0\u00bb3\/4&Prime;][vc_separator][vc_row_inner][vc_column_inner width=\u00a0\u00bb1\/2&Prime;][vc_custom_heading text=\u00a0\u00bbOP\u00c9RATIONS DE SERVICE\u00a0\u00bb font_container=\u00a0\u00bbtag:h2|text_align:left|color:%23c90c0f\u00a0\u00bb use_theme_fonts=\u00a0\u00bbyes\u00a0\u00bb el_class=\u00a0\u00bbstyle3&Prime; css=\u00a0\u00bb.vc_custom_1631890895365{margin-bottom: 30px !important;}\u00a0\u00bb][vc_column_text el_class=\u00a0\u00bbgray\u00a0\u00bb]Servitec s\u2019engage \u00e0 s\u2019occuper des op\u00e9rations suivantes :<\/p>\n<ul>\n<li>\u2022 Am\u00e9nagement des espaces de stockage<\/li>\n<li>Stockage de marchandises<\/li>\n<li>Fournir et mettre en \u0153uvre un logiciel de gestion des stocks<\/li>\n<li>Gestion des stocks<\/li>\n<li>Pr\u00e9paration des commandes<\/li>\n<li>Exp\u00e9dition de marchandises<\/li>\n<\/ul>\n<p>[\/vc_column_text][\/vc_column_inner][vc_column_inner width=\u00a0\u00bb1\/2&Prime;][vc_single_image image=\u00a0\u00bb75670&Prime; img_size=\u00a0\u00bblarge\u00a0\u00bb style=\u00a0\u00bbvc_box_shadow_3d\u00a0\u00bb][\/vc_column_inner][\/vc_row_inner][vc_row_inner el_class=\u00a0\u00bbs1&Prime;][vc_column_inner width=\u00a0\u00bb1\/2&Prime;][vc_single_image image=\u00a0\u00bb75562&Prime; img_size=\u00a0\u00bblarge\u00a0\u00bb alignment=\u00a0\u00bbcenter\u00a0\u00bb][\/vc_column_inner][vc_column_inner width=\u00a0\u00bb1\/2&Prime;][vc_custom_heading text=\u00a0\u00bbCARACT\u00c9RISTIQUES DES SERVICES\u00a0\u00bb font_container=\u00a0\u00bbtag:h2|text_align:left|color:%23c90c0f\u00a0\u00bb use_theme_fonts=\u00a0\u00bbyes\u00a0\u00bb el_class=\u00a0\u00bbstyle3&Prime; css=\u00a0\u00bb.vc_custom_1631890842153{margin-top: 30px !important;margin-bottom: 30px !important;}\u00a0\u00bb][vc_column_text el_class=\u00a0\u00bbgray\u00a0\u00bb]Servitec s&rsquo;engage \u00e0 vous assurer :<\/p>\n<ul>\n<li>Respect des d\u00e9lais de livraison des marchandises<\/li>\n<li>Une haute qualit\u00e9 et s\u00e9curit\u00e9 de vos marchandises<\/li>\n<li>\u2022 Une \u00e9quipe d\u2019experts \u00e0 votre disposition<\/li>\n<li>Une assistance garantie 24h\/24 et 7j\/7<\/li>\n<\/ul>\n<p>[\/vc_column_text][\/vc_column_inner][\/vc_row_inner][vc_row_inner el_class=\u00a0\u00bbs1&Prime;][vc_column_inner width=\u00a0\u00bb1\/2&Prime; css=\u00a0\u00bb.vc_custom_1631893500778{padding-bottom: 50px !important;}\u00a0\u00bb][vc_custom_heading text=\u00a0\u00bbBROCHURES SUR LES SERVICES\u00a0\u00bb font_container=\u00a0\u00bbtag:h2|text_align:left|color:%23c90c0f\u00a0\u00bb use_theme_fonts=\u00a0\u00bbyes\u00a0\u00bb el_class=\u00a0\u00bbstyle3&Prime; css=\u00a0\u00bb.vc_custom_1625511922171{margin-bottom: 30px !important;}\u00a0\u00bb][vc_column_text css=\u00a0\u00bb.vc_custom_1631892870745{margin-top: 10px !important;padding-top: 10px !important;}\u00a0\u00bb]\u2022 T\u00e9l\u00e9chargez notre brochure Services pour en savoir plus sur nous.[\/vc_column_text][\/vc_column_inner][vc_column_inner width=\u00a0\u00bb1\/2&Prime;][vc_separator][vc_btn title=\u00a0\u00bbT\u00e9l\u00e9charger le PDF\u00a0\u00bb color=\u00a0\u00bbdanger\u00a0\u00bb align=\u00a0\u00bbcenter\u00a0\u00bb i_icon_fontawesome=\u00a0\u00bbfas fa-download\u00a0\u00bb add_icon=\u00a0\u00bbtrue\u00a0\u00bb link=\u00a0\u00bburl:https%3A%2F%2Fservitec.dz%2Fwp-content%2Fuploads%2F2021%2F09%2FCatalogue-de-Services-2021.pdf|target:_blank|\u00a0\u00bb][\/vc_column_inner][\/vc_row_inner][\/vc_column][\/vc_row][vc_row][vc_column width=\u00a0\u00bb3\/4&Prime;][\/vc_column][\/vc_row]<\/p>\n","protected":false},"excerpt":{"rendered":"<p>[vc_row][vc_column width=\u00a0\u00bb1\/2&Prime;][vc_custom_heading text=\u00a0\u00bbSOLUTIONS DE BOUT EN BOUT\u00a0\u00bb font_container=\u00a0\u00bbtag:h2|text_align:left|color:%23c90c0f\u00a0\u00bb use_theme_fonts=\u00a0\u00bbyes\u00a0\u00bb el_class=\u00a0\u00bbstyle3&Prime; css=\u00a0\u00bb.vc_custom_1631890965645{margin-bottom: 30px !important;}\u00a0\u00bb][vc_column_text]Vous souffrez du manque d\u2019espace ? Vous avez [&hellip;]<\/p>\n","protected":false},"author":1,"featured_media":75677,"parent":75715,"menu_order":0,"comment_status":"closed","ping_status":"closed","template":"","meta":{"footnotes":""},"class_list":["post-75735","page","type-page","status-publish","has-post-thumbnail","hentry"],"_links":{"self":[{"href":"https:\/\/servitec.dz\/fr\/wp-json\/wp\/v2\/pages\/75735","targetHints":{"allow":["GET"]}}],"collection":[{"href":"https:\/\/servitec.dz\/fr\/wp-json\/wp\/v2\/pages"}],"about":[{"href":"https:\/\/servitec.dz\/fr\/wp-json\/wp\/v2\/types\/page"}],"author":[{"embeddable":true,"href":"https:\/\/servitec.dz\/fr\/wp-json\/wp\/v2\/users\/1"}],"replies":[{"embeddable":true,"href":"https:\/\/servitec.dz\/fr\/wp-json\/wp\/v2\/comments?post=75735"}],"version-history":[{"count":6,"href":"https:\/\/servitec.dz\/fr\/wp-json\/wp\/v2\/pages\/75735\/revisions"}],"predecessor-version":[{"id":75857,"href":"https:\/\/servitec.dz\/fr\/wp-json\/wp\/v2\/pages\/75735\/revisions\/75857"}],"up":[{"embeddable":true,"href":"https:\/\/servitec.dz\/fr\/wp-json\/wp\/v2\/pages\/75715"}],"wp:featuredmedia":[{"embeddable":true,"href":"https:\/\/servitec.dz\/fr\/wp-json\/wp\/v2\/media\/75677"}],"wp:attachment":[{"href":"https:\/\/servitec.dz\/fr\/wp-json\/wp\/v2\/media?parent=75735"}],"curies":[{"name":"wp","href":"https:\/\/api.w.org\/{rel}","templated":true}]}}