{"id":75755,"date":"2021-11-08T08:18:27","date_gmt":"2021-11-08T08:18:27","guid":{"rendered":"https:\/\/servitec.dz\/nos-services\/archivage-electronique-et-physique\/"},"modified":"2021-12-12T20:54:45","modified_gmt":"2021-12-12T20:54:45","slug":"archivage-electronique-et-physique","status":"publish","type":"page","link":"https:\/\/servitec.dz\/fr\/nos-services\/archivage-electronique-et-physique\/","title":{"rendered":"Archivage \u00e9lectronique et physique"},"content":{"rendered":"<p>[vc_row][vc_column width=\u00a0\u00bb1\/4&Prime;][vc_custom_heading text=\u00a0\u00bbPRESTATIONS DE SERVICE\u00a0\u00bb font_container=\u00a0\u00bbtag:h2|text_align:center|color:%23ffffff\u00a0\u00bb use_theme_fonts=\u00a0\u00bbyes\u00a0\u00bb css=\u00a0\u00bb.vc_custom_1632325899685{background-color: #c92e2e !important;}\u00a0\u00bb][vc_row_inner css=\u00a0\u00bb.vc_custom_1632326138610{margin-top: 20px !important;}\u00a0\u00bb][vc_column_inner width=\u00a0\u00bb1\/4&Prime; offset=\u00a0\u00bbvc_col-xs-3&Prime;][vc_icon icon_fontawesome=\u00a0\u00bbfas fa-shopping-bag\u00a0\u00bb color=\u00a0\u00bbjuicy_pink\u00a0\u00bb background_style=\u00a0\u00bbboxed-outline\u00a0\u00bb size=\u00a0\u00bbsm\u00a0\u00bb][vc_icon icon_fontawesome=\u00a0\u00bbfas fa-warehouse\u00a0\u00bb color=\u00a0\u00bbjuicy_pink\u00a0\u00bb background_style=\u00a0\u00bbboxed-outline\u00a0\u00bb size=\u00a0\u00bbsm\u00a0\u00bb][vc_icon icon_fontawesome=\u00a0\u00bbfas fa-mail-bulk\u00a0\u00bb color=\u00a0\u00bbjuicy_pink\u00a0\u00bb background_style=\u00a0\u00bbboxed-outline\u00a0\u00bb size=\u00a0\u00bbsm\u00a0\u00bb][vc_icon icon_fontawesome=\u00a0\u00bbfas fa-hand-holding-usd\u00a0\u00bb color=\u00a0\u00bbjuicy_pink\u00a0\u00bb background_style=\u00a0\u00bbboxed-outline\u00a0\u00bb size=\u00a0\u00bbsm\u00a0\u00bb][vc_icon icon_fontawesome=\u00a0\u00bbfas fa-sim-card\u00a0\u00bb color=\u00a0\u00bbjuicy_pink\u00a0\u00bb background_style=\u00a0\u00bbboxed-outline\u00a0\u00bb size=\u00a0\u00bbsm\u00a0\u00bb][\/vc_column_inner][vc_column_inner width=\u00a0\u00bb3\/4&Prime;][vc_custom_heading text=\u00a0\u00bbKhoud Hjtek\u00a0\u00bb font_container=\u00a0\u00bbtag:h3|font_size:14|text_align:left|color:%23000000&Prime; use_theme_fonts=\u00a0\u00bbyes\u00a0\u00bb link=\u00a0\u00bburl:https%3A%2F%2Fservitec.dz%2Four-services%2Flocal-on-demand-storage%2F|title:STOCKAGE%20LOCAL%20%C3%80%20LA%20DEMANDE|target:_blank|\u00a0\u00bb css=\u00a0\u00bb.vc_custom_1632330672546{margin-top: 20px !important;}\u00a0\u00bb][vc_custom_heading text=\u00a0\u00bbLogistique et gestion des stocks\u00a0\u00bb font_container=\u00a0\u00bbtag:h3|font_size:14|text_align:left|color:%23000000&Prime; use_theme_fonts=\u00a0\u00bbyes\u00a0\u00bb link=\u00a0\u00bburl:https%3A%2F%2Fservitec.dz%2Ffr%2Fnos-services%2Flogistique-transport-et-gestion-des-stocks%2F|title:Logistique%20et%20gestion%20des%20stocks%20|target:_blank|\u00a0\u00bb css=\u00a0\u00bb.vc_custom_1632330714872{margin-top: 40px !important;}\u00a0\u00bb][vc_custom_heading text=\u00a0\u00bbGestion du courrier imprim\u00e9\u00a0\u00bb font_container=\u00a0\u00bbtag:h3|font_size:14|text_align:left|color:%23000000&Prime; use_theme_fonts=\u00a0\u00bbyes\u00a0\u00bb link=\u00a0\u00bburl:https%3A%2F%2Fservitec.dz%2Ffr%2Fnos-services%2Fgestion-du-courrier-imprime%2F|title:Gestion%20du%20courrier%20imprim%C3%A9|target:_blank|\u00a0\u00bb css=\u00a0\u00bb.vc_custom_1632326228843{margin-top: 50px !important;}\u00a0\u00bb][vc_custom_heading text=\u00a0\u00bbRecouvrement de cr\u00e9ances\u00a0\u00bb font_container=\u00a0\u00bbtag:h3|font_size:14|text_align:left|color:%23000000&Prime; use_theme_fonts=\u00a0\u00bbyes\u00a0\u00bb link=\u00a0\u00bburl:https%3A%2F%2Fservitec.dz%2Four-services%2Fdepet-collecting%2F|title:RECOUVREMENT%20DES%20CR%C3%89ANCES|target:_blank|\u00a0\u00bb css=\u00a0\u00bb.vc_custom_1632325592830{margin-top: 60px !important;}\u00a0\u00bb][vc_custom_heading text=\u00a0\u00bbEmballage de cartes SIM\u00a0\u00bb font_container=\u00a0\u00bbtag:h3|font_size:14|text_align:left|color:%23000000&Prime; use_theme_fonts=\u00a0\u00bbyes\u00a0\u00bb link=\u00a0\u00bburl:https%3A%2F%2Fservitec.dz%2Ffr%2Fnos-services%2Femballage-de-carte-sim%2F|title:PACKAGING%20CARTE%20SIM|target:_blank|\u00a0\u00bb css=\u00a0\u00bb.vc_custom_1632325710658{margin-top: 60px !important;}\u00a0\u00bb][\/vc_column_inner][\/vc_row_inner][\/vc_column][vc_column width=\u00a0\u00bb3\/4&Prime;][vc_single_image image=\u00a0\u00bb75675&Prime; img_size=\u00a0\u00bbfull\u00a0\u00bb alignment=\u00a0\u00bbcenter\u00a0\u00bb style=\u00a0\u00bbvc_box_shadow_3d\u00a0\u00bb][vc_text_separator title=\u00a0\u00bb\u00a0\u00bb style=\u00a0\u00bbshadow\u00a0\u00bb border_width=\u00a0\u00bb3&Prime;][vc_row_inner][vc_column_inner][vc_custom_heading text=\u00a0\u00bbARCHIVAGE NUM\u00c9RIQUE ET PHYSIQUE\u00a0\u00bb font_container=\u00a0\u00bbtag:h2|text_align:center|color:%23c90c0f\u00a0\u00bb use_theme_fonts=\u00a0\u00bbyes\u00a0\u00bb el_class=\u00a0\u00bbstyle3&Prime; css=\u00a0\u00bb.vc_custom_1635105918213{margin-bottom: 30px !important;}\u00a0\u00bb][vc_column_text el_class=\u00a0\u00bbgray\u00a0\u00bb]Vos archives sont peu ou mal conserv\u00e9es ?<\/p>\n<p>Vous rencontrez des difficult\u00e9s pour acc\u00e9der \u00e0 vos documents rapidement?<\/p>\n<p>Vos archives prennent beaucoup de votre pr\u00e9cieux espace de bureau ?<\/p>\n<p>Si oui, vous avez la possibilit\u00e9 d&rsquo;externaliser vos archives dans nos locaux bien \u00e9quip\u00e9s, ainsi que de les num\u00e9riser pour faciliter et acc\u00e9l\u00e9rer l&rsquo;acc\u00e8s \u00e0 vos documents avec les solutions Servitec.[\/vc_column_text][\/vc_column_inner][\/vc_row_inner][vc_row_inner][vc_column_inner width=\u00a0\u00bb1\/2&Prime;][vc_custom_heading text=\u00a0\u00bbSOLUTIONS D&rsquo;ARCHIVAGE\u00a0\u00bb font_container=\u00a0\u00bbtag:h2|text_align:left|color:%23c90c0f\u00a0\u00bb use_theme_fonts=\u00a0\u00bbyes\u00a0\u00bb el_class=\u00a0\u00bbstyle3&Prime; css=\u00a0\u00bb.vc_custom_1631893812305{margin-bottom: 30px !important;}\u00a0\u00bb][vc_column_text el_class=\u00a0\u00bbgray\u00a0\u00bb]Solution Servitec, comprenant les fonctionnalit\u00e9s suivantes :<\/p>\n<ul>\n<li> Mise \u00e0 disposition de l&rsquo;espace requis pour vos archives physiques.<\/li>\n<li> S\u00e9curisation et conservation de vos archives dans des salles de conservation con\u00e7ues et \u00e9quip\u00e9es selon les normes internationales.<\/li>\n<li> Archivage interne ou externe des documents<\/li>\n<li> Traitement et tri des documents<\/li>\n<li> Num\u00e9risation des documents et cr\u00e9ation d\u2019un index significatif<\/li>\n<li> D\u00e9veloppement d&rsquo;applications de gestion documentaire adapt\u00e9es aux besoins du client.<\/li>\n<li> Scanner, num\u00e9riser, et archiver tous types de documents (livres et plans) au format A4, A3, A0<\/li>\n<\/ul>\n<p>[\/vc_column_text][\/vc_column_inner][vc_column_inner width=\u00a0\u00bb1\/2&Prime;][vc_video link=\u00a0\u00bbhttps:\/\/www.youtube.com\/watch?v=IfhSLmLYfUQ\u00a0\u00bb css=\u00a0\u00bb.vc_custom_1632002074154{margin-top: 70px !important;}\u00a0\u00bb][\/vc_column_inner][\/vc_row_inner][vc_row_inner css=\u00a0\u00bb.vc_custom_1635106057446{margin-right: 0px !important;margin-bottom: 70px !important;margin-left: 0px !important;border-top-width: 1px !important;padding-top: 35px !important;padding-bottom: 15px !important;background-color: #dd3333 !important;border-top-color: #dddddd !important;}\u00a0\u00bb][vc_column_inner width=\u00a0\u00bb1\/2&Prime; css=\u00a0\u00bb.vc_custom_1460371158304{padding-top: 0px !important;padding-bottom: 0px !important;}\u00a0\u00bb][vc_custom_heading text=\u00a0\u00bbT\u00e9l\u00e9chargez la brochure de nos services\u00a0\u00bb font_container=\u00a0\u00bbtag:h3|font_size:18|text_align:center|color:%23ffffff|line_height:1&Prime; use_theme_fonts=\u00a0\u00bbyes\u00a0\u00bb css=\u00a0\u00bb.vc_custom_1635106473850{margin-top: 10px !important;padding-left: 10px !important;}\u00a0\u00bb][\/vc_column_inner][vc_column_inner width=\u00a0\u00bb1\/2&Prime;][vc_btn title=\u00a0\u00bbT\u00e9l\u00e9charger le PDF\u00a0\u00bb shape=\u00a0\u00bbsquare\u00a0\u00bb color=\u00a0\u00bbblack\u00a0\u00bb size=\u00a0\u00bbsm\u00a0\u00bb align=\u00a0\u00bbcenter\u00a0\u00bb i_icon_fontawesome=\u00a0\u00bbfas fa-download\u00a0\u00bb add_icon=\u00a0\u00bbtrue\u00a0\u00bb link=\u00a0\u00bburl:https%3A%2F%2Fservitec.dz%2Fwp-content%2Fuploads%2F2021%2F09%2FCatalogue-de-Services-2021.pdf|target:_blank|\u00a0\u00bb css=\u00a0\u00bb.vc_custom_1635106446684{margin-top: 10px !important;}\u00a0\u00bb][\/vc_column_inner][\/vc_row_inner][\/vc_column][\/vc_row][vc_row full_width=\u00a0\u00bbstretch_row\u00a0\u00bb content_placement=\u00a0\u00bbmiddle\u00a0\u00bb css=\u00a0\u00bb.vc_custom_1460371195792{margin-bottom: 0px !important;border-top-width: 1px !important;padding-top: 50px !important;padding-bottom: 50px !important;background-color: #eeeeee !important;border-top-color: #dddddd !important;border-top-style: solid !important;}\u00a0\u00bb el_class=\u00a0\u00bbalign-right\u00a0\u00bb][vc_column width=\u00a0\u00bb2\/3&Prime; css=\u00a0\u00bb.vc_custom_1460371181649{padding-top: 0px !important;padding-bottom: 0px !important;}\u00a0\u00bb][vc_custom_heading text=\u00a0\u00bbVous ne savez pas quelle solution correspond aux besoins de votre entreprise ?\u00a0\u00bb font_container=\u00a0\u00bbtag:h3|font_size:18|text_align:left|color:%23111111&Prime; use_theme_fonts=\u00a0\u00bbyes\u00a0\u00bb][\/vc_column][vc_column width=\u00a0\u00bb1\/3&Prime; css=\u00a0\u00bb.vc_custom_1460371187192{padding-top: 0px !important;padding-bottom: 0px !important;}\u00a0\u00bb][thememove_button text=\u00a0\u00bbCONTACTEZ-NOUS\u00a0\u00bb url=\u00a0\u00bb#\u00a0\u00bb][\/vc_column][\/vc_row]<\/p>\n","protected":false},"excerpt":{"rendered":"<p>[vc_row][vc_column width=\u00a0\u00bb1\/4&Prime;][vc_custom_heading text=\u00a0\u00bbPRESTATIONS DE SERVICE\u00a0\u00bb font_container=\u00a0\u00bbtag:h2|text_align:center|color:%23ffffff\u00a0\u00bb use_theme_fonts=\u00a0\u00bbyes\u00a0\u00bb css=\u00a0\u00bb.vc_custom_1632325899685{background-color: #c92e2e !important;}\u00a0\u00bb][vc_row_inner css=\u00a0\u00bb.vc_custom_1632326138610{margin-top: 20px !important;}\u00a0\u00bb][vc_column_inner width=\u00a0\u00bb1\/4&Prime; offset=\u00a0\u00bbvc_col-xs-3&Prime;][vc_icon icon_fontawesome=\u00a0\u00bbfas fa-shopping-bag\u00a0\u00bb color=\u00a0\u00bbjuicy_pink\u00a0\u00bb background_style=\u00a0\u00bbboxed-outline\u00a0\u00bb size=\u00a0\u00bbsm\u00a0\u00bb][vc_icon [&hellip;]<\/p>\n","protected":false},"author":1,"featured_media":75675,"parent":75715,"menu_order":0,"comment_status":"closed","ping_status":"closed","template":"","meta":{"footnotes":""},"class_list":["post-75755","page","type-page","status-publish","has-post-thumbnail","hentry"],"_links":{"self":[{"href":"https:\/\/servitec.dz\/fr\/wp-json\/wp\/v2\/pages\/75755","targetHints":{"allow":["GET"]}}],"collection":[{"href":"https:\/\/servitec.dz\/fr\/wp-json\/wp\/v2\/pages"}],"about":[{"href":"https:\/\/servitec.dz\/fr\/wp-json\/wp\/v2\/types\/page"}],"author":[{"embeddable":true,"href":"https:\/\/servitec.dz\/fr\/wp-json\/wp\/v2\/users\/1"}],"replies":[{"embeddable":true,"href":"https:\/\/servitec.dz\/fr\/wp-json\/wp\/v2\/comments?post=75755"}],"version-history":[{"count":5,"href":"https:\/\/servitec.dz\/fr\/wp-json\/wp\/v2\/pages\/75755\/revisions"}],"predecessor-version":[{"id":75888,"href":"https:\/\/servitec.dz\/fr\/wp-json\/wp\/v2\/pages\/75755\/revisions\/75888"}],"up":[{"embeddable":true,"href":"https:\/\/servitec.dz\/fr\/wp-json\/wp\/v2\/pages\/75715"}],"wp:featuredmedia":[{"embeddable":true,"href":"https:\/\/servitec.dz\/fr\/wp-json\/wp\/v2\/media\/75675"}],"wp:attachment":[{"href":"https:\/\/servitec.dz\/fr\/wp-json\/wp\/v2\/media?parent=75755"}],"curies":[{"name":"wp","href":"https:\/\/api.w.org\/{rel}","templated":true}]}}